{"id":1124,"date":"2024-12-10T19:58:40","date_gmt":"2024-12-10T19:58:40","guid":{"rendered":"https:\/\/ihrcg.org\/?page_id=1124"},"modified":"2024-12-10T20:00:13","modified_gmt":"2024-12-10T20:00:13","slug":"un-momento-de-inspiracion-21","status":"publish","type":"page","link":"https:\/\/ihrcg.org\/en\/un-momento-de-inspiracion-21\/","title":{"rendered":"\u00a1Un momento de inspiraci\u00f3n!"},"content":{"rendered":"<div data-elementor-type=\"wp-page\" data-elementor-id=\"1124\" class=\"elementor elementor-1124\">\n\t\t\t\t<div class=\"elementor-element elementor-element-1a725fc1 e-flex e-con-boxed e-con e-parent\" data-id=\"1a725fc1\" data-element_type=\"container\" data-settings=\"{&quot;background_background&quot;:&quot;classic&quot;}\">\n\t\t\t\t\t<div class=\"e-con-inner\">\n\t\t<div class=\"elementor-element elementor-element-194783f5 e-con-full e-flex e-con e-child\" data-id=\"194783f5\" data-element_type=\"container\">\n\t\t\t\t<div class=\"elementor-element elementor-element-2e60264 elementor-widget__width-initial elementor-widget elementor-widget-heading\" data-id=\"2e60264\" data-element_type=\"widget\" data-widget_type=\"heading.default\">\n\t\t\t\t<div class=\"elementor-widget-container\">\n\t\t\t\t\t<h3 class=\"elementor-heading-title elementor-size-default\">A moment of inspiration! <\/h3>\t\t\t\t<\/div>\n\t\t\t\t<\/div>\n\t\t\t\t<\/div>\n\t\t\t\t\t<\/div>\n\t\t\t\t<\/div>\n\t\t<div class=\"elementor-element elementor-element-418df22 e-flex e-con-boxed e-con e-parent\" data-id=\"418df22\" data-element_type=\"container\">\n\t\t\t\t\t<div class=\"e-con-inner\">\n\t\t<div class=\"elementor-element elementor-element-5d72308 e-con-full e-flex e-con e-child\" data-id=\"5d72308\" data-element_type=\"container\" data-settings=\"{&quot;background_background&quot;:&quot;classic&quot;}\">\n\t\t\t\t<div class=\"elementor-element elementor-element-ea6063e elementor-widget__width-initial elementor-widget elementor-widget-heading\" data-id=\"ea6063e\" data-element_type=\"widget\" data-widget_type=\"heading.default\">\n\t\t\t\t<div class=\"elementor-widget-container\">\n\t\t\t\t\t<h3 class=\"elementor-heading-title elementor-size-default\">Introduction<\/h3>\t\t\t\t<\/div>\n\t\t\t\t<\/div>\n\t\t\t\t<\/div>\n\t\t\t\t\t<\/div>\n\t\t\t\t<\/div>\n\t\t<div class=\"elementor-element elementor-element-e081644 e-flex e-con-boxed e-con e-parent\" data-id=\"e081644\" data-element_type=\"container\" data-settings=\"{&quot;background_background&quot;:&quot;classic&quot;}\">\n\t\t\t\t\t<div class=\"e-con-inner\">\n\t\t<div class=\"elementor-element elementor-element-6b110ff e-con-full e-flex e-con e-child\" data-id=\"6b110ff\" data-element_type=\"container\">\n\t\t\t\t<div class=\"elementor-element elementor-element-01b84b6 elementor-widget elementor-widget-text-editor\" data-id=\"01b84b6\" data-element_type=\"widget\" data-widget_type=\"text-editor.default\">\n\t\t\t\t<div class=\"elementor-widget-container\">\n\t\t\t\t\t\t\t\t\t<h4>Gurudev Sri Sri Ravi Shankar Ji visited the Indian Embassy in Mexico and shared profound insights on the power of meditation for mental well-being and societal upliftment.\u00a0\u00a0<\/h4><h4>\u00a0<\/h4><h4>#MeditationForAll #IndiainMexico<\/h4><h4>__<\/h4><h4>\u00a1Un momento de inspiraci\u00f3n! \u00a0<\/h4><h4>\u00a0<\/h4><h4>Gurudev Sri Sri Ravi Shankar Ji visit\u00f3 la Embajada de la India en M\u00e9xico y comparti\u00f3 ideas profundas sobre el poder de la meditaci\u00f3n para el bienestar mental y la elevaci\u00f3n social.<\/h4><h4>\u00a0<\/h4><h4><span style=\"text-align: var(--text-align);\">Ministry of External Affairs, Government of India ICCR in Mexico Indian Association of Mexico The Art of Living<span style=\"font-size: 15px;\">.<\/span><\/span><\/h4>\t\t\t\t\t\t\t\t<\/div>\n\t\t\t\t<\/div>\n\t\t\t\t<\/div>\n\t\t<div class=\"elementor-element elementor-element-2f7b212 e-con-full e-flex e-con e-child\" data-id=\"2f7b212\" data-element_type=\"container\">\n\t\t\t\t<div class=\"elementor-element elementor-element-17a463d elementor-widget elementor-widget-image\" data-id=\"17a463d\" data-element_type=\"widget\" data-widget_type=\"image.default\">\n\t\t\t\t<div class=\"elementor-widget-container\">\n\t\t\t\t\t\t\t\t\t\t\t\t\t\t\t<img fetchpriority=\"high\" decoding=\"async\" width=\"800\" height=\"800\" src=\"https:\/\/ihrcg.org\/wp-content\/uploads\/2024\/12\/WhatsApp-Image-2024-12-09-at-20.36.00-1024x1024.jpeg\" class=\"attachment-large size-large wp-image-1131\" alt=\"\" srcset=\"https:\/\/ihrcg.org\/wp-content\/uploads\/2024\/12\/WhatsApp-Image-2024-12-09-at-20.36.00-1024x1024.jpeg 1024w, https:\/\/ihrcg.org\/wp-content\/uploads\/2024\/12\/WhatsApp-Image-2024-12-09-at-20.36.00-300x300.jpeg 300w, https:\/\/ihrcg.org\/wp-content\/uploads\/2024\/12\/WhatsApp-Image-2024-12-09-at-20.36.00-150x150.jpeg 150w, https:\/\/ihrcg.org\/wp-content\/uploads\/2024\/12\/WhatsApp-Image-2024-12-09-at-20.36.00-768x768.jpeg 768w, https:\/\/ihrcg.org\/wp-content\/uploads\/2024\/12\/WhatsApp-Image-2024-12-09-at-20.36.00-12x12.jpeg 12w, https:\/\/ihrcg.org\/wp-content\/uploads\/2024\/12\/WhatsApp-Image-2024-12-09-at-20.36.00.jpeg 1440w\" sizes=\"(max-width: 800px) 100vw, 800px\" \/>\t\t\t\t\t\t\t\t\t\t\t\t\t\t\t<\/div>\n\t\t\t\t<\/div>\n\t\t\t\t<\/div>\n\t\t\t\t\t<\/div>\n\t\t\t\t<\/div>\n\t\t<div class=\"elementor-element elementor-element-edd271c e-flex e-con-boxed e-con e-parent\" data-id=\"edd271c\" data-element_type=\"container\">\n\t\t\t\t\t<div class=\"e-con-inner\">\n\t\t\t\t<div class=\"elementor-element elementor-element-0eea2c5 elementor-widget elementor-widget-image\" data-id=\"0eea2c5\" data-element_type=\"widget\" data-widget_type=\"image.default\">\n\t\t\t\t<div class=\"elementor-widget-container\">\n\t\t\t\t\t\t\t\t\t\t\t\t\t\t\t<img decoding=\"async\" width=\"800\" height=\"537\" src=\"https:\/\/ihrcg.org\/wp-content\/uploads\/2024\/12\/WhatsApp-Image-2024-12-09-at-20.35.46-1024x687.jpeg\" class=\"attachment-large size-large wp-image-1140\" alt=\"\" srcset=\"https:\/\/ihrcg.org\/wp-content\/uploads\/2024\/12\/WhatsApp-Image-2024-12-09-at-20.35.46-1024x687.jpeg 1024w, https:\/\/ihrcg.org\/wp-content\/uploads\/2024\/12\/WhatsApp-Image-2024-12-09-at-20.35.46-300x201.jpeg 300w, https:\/\/ihrcg.org\/wp-content\/uploads\/2024\/12\/WhatsApp-Image-2024-12-09-at-20.35.46-768x515.jpeg 768w, https:\/\/ihrcg.org\/wp-content\/uploads\/2024\/12\/WhatsApp-Image-2024-12-09-at-20.35.46-18x12.jpeg 18w, https:\/\/ihrcg.org\/wp-content\/uploads\/2024\/12\/WhatsApp-Image-2024-12-09-at-20.35.46.jpeg 1440w\" sizes=\"(max-width: 800px) 100vw, 800px\" \/>\t\t\t\t\t\t\t\t\t\t\t\t\t\t\t<\/div>\n\t\t\t\t<\/div>\n\t\t\t\t<div class=\"elementor-element elementor-element-5ed5117 elementor-widget elementor-widget-image\" data-id=\"5ed5117\" data-element_type=\"widget\" data-widget_type=\"image.default\">\n\t\t\t\t<div class=\"elementor-widget-container\">\n\t\t\t\t\t\t\t\t\t\t\t\t\t\t\t<img decoding=\"async\" width=\"800\" height=\"800\" src=\"https:\/\/ihrcg.org\/wp-content\/uploads\/2024\/12\/WhatsApp-Image-2024-12-09-at-20.36.26-1024x1024.jpeg\" class=\"attachment-large size-large wp-image-1138\" alt=\"\" srcset=\"https:\/\/ihrcg.org\/wp-content\/uploads\/2024\/12\/WhatsApp-Image-2024-12-09-at-20.36.26-1024x1024.jpeg 1024w, https:\/\/ihrcg.org\/wp-content\/uploads\/2024\/12\/WhatsApp-Image-2024-12-09-at-20.36.26-300x300.jpeg 300w, https:\/\/ihrcg.org\/wp-content\/uploads\/2024\/12\/WhatsApp-Image-2024-12-09-at-20.36.26-150x150.jpeg 150w, https:\/\/ihrcg.org\/wp-content\/uploads\/2024\/12\/WhatsApp-Image-2024-12-09-at-20.36.26-768x768.jpeg 768w, https:\/\/ihrcg.org\/wp-content\/uploads\/2024\/12\/WhatsApp-Image-2024-12-09-at-20.36.26-12x12.jpeg 12w, https:\/\/ihrcg.org\/wp-content\/uploads\/2024\/12\/WhatsApp-Image-2024-12-09-at-20.36.26.jpeg 1440w\" sizes=\"(max-width: 800px) 100vw, 800px\" \/>\t\t\t\t\t\t\t\t\t\t\t\t\t\t\t<\/div>\n\t\t\t\t<\/div>\n\t\t\t\t<div class=\"elementor-element elementor-element-7e0de0f elementor-widget elementor-widget-image\" data-id=\"7e0de0f\" data-element_type=\"widget\" data-widget_type=\"image.default\">\n\t\t\t\t<div class=\"elementor-widget-container\">\n\t\t\t\t\t\t\t\t\t\t\t\t\t\t\t<img loading=\"lazy\" decoding=\"async\" width=\"800\" height=\"800\" src=\"https:\/\/ihrcg.org\/wp-content\/uploads\/2024\/12\/WhatsApp-Image-2024-12-09-at-20.36.24-1024x1024.jpeg\" class=\"attachment-large size-large wp-image-1139\" alt=\"\" srcset=\"https:\/\/ihrcg.org\/wp-content\/uploads\/2024\/12\/WhatsApp-Image-2024-12-09-at-20.36.24-1024x1024.jpeg 1024w, https:\/\/ihrcg.org\/wp-content\/uploads\/2024\/12\/WhatsApp-Image-2024-12-09-at-20.36.24-300x300.jpeg 300w, https:\/\/ihrcg.org\/wp-content\/uploads\/2024\/12\/WhatsApp-Image-2024-12-09-at-20.36.24-150x150.jpeg 150w, https:\/\/ihrcg.org\/wp-content\/uploads\/2024\/12\/WhatsApp-Image-2024-12-09-at-20.36.24-768x768.jpeg 768w, https:\/\/ihrcg.org\/wp-content\/uploads\/2024\/12\/WhatsApp-Image-2024-12-09-at-20.36.24-12x12.jpeg 12w, https:\/\/ihrcg.org\/wp-content\/uploads\/2024\/12\/WhatsApp-Image-2024-12-09-at-20.36.24.jpeg 1440w\" sizes=\"(max-width: 800px) 100vw, 800px\" \/>\t\t\t\t\t\t\t\t\t\t\t\t\t\t\t<\/div>\n\t\t\t\t<\/div>\n\t\t\t\t<div class=\"elementor-element elementor-element-9e1f801 elementor-widget elementor-widget-image\" data-id=\"9e1f801\" data-element_type=\"widget\" data-widget_type=\"image.default\">\n\t\t\t\t<div class=\"elementor-widget-container\">\n\t\t\t\t\t\t\t\t\t\t\t\t\t\t\t<img loading=\"lazy\" decoding=\"async\" width=\"800\" height=\"800\" src=\"https:\/\/ihrcg.org\/wp-content\/uploads\/2024\/12\/WhatsApp-Image-2024-12-09-at-20.36.18-1024x1024.jpeg\" class=\"attachment-large size-large wp-image-1137\" alt=\"\" srcset=\"https:\/\/ihrcg.org\/wp-content\/uploads\/2024\/12\/WhatsApp-Image-2024-12-09-at-20.36.18-1024x1024.jpeg 1024w, https:\/\/ihrcg.org\/wp-content\/uploads\/2024\/12\/WhatsApp-Image-2024-12-09-at-20.36.18-300x300.jpeg 300w, https:\/\/ihrcg.org\/wp-content\/uploads\/2024\/12\/WhatsApp-Image-2024-12-09-at-20.36.18-150x150.jpeg 150w, https:\/\/ihrcg.org\/wp-content\/uploads\/2024\/12\/WhatsApp-Image-2024-12-09-at-20.36.18-768x768.jpeg 768w, https:\/\/ihrcg.org\/wp-content\/uploads\/2024\/12\/WhatsApp-Image-2024-12-09-at-20.36.18-12x12.jpeg 12w, https:\/\/ihrcg.org\/wp-content\/uploads\/2024\/12\/WhatsApp-Image-2024-12-09-at-20.36.18.jpeg 1440w\" sizes=\"(max-width: 800px) 100vw, 800px\" \/>\t\t\t\t\t\t\t\t\t\t\t\t\t\t\t<\/div>\n\t\t\t\t<\/div>\n\t\t\t\t<div class=\"elementor-element elementor-element-9801b05 elementor-widget elementor-widget-image\" data-id=\"9801b05\" data-element_type=\"widget\" data-widget_type=\"image.default\">\n\t\t\t\t<div class=\"elementor-widget-container\">\n\t\t\t\t\t\t\t\t\t\t\t\t\t\t\t<img loading=\"lazy\" decoding=\"async\" width=\"800\" height=\"800\" src=\"https:\/\/ihrcg.org\/wp-content\/uploads\/2024\/12\/WhatsApp-Image-2024-12-09-at-20.36.09-1024x1024.jpeg\" class=\"attachment-large size-large wp-image-1136\" alt=\"\" srcset=\"https:\/\/ihrcg.org\/wp-content\/uploads\/2024\/12\/WhatsApp-Image-2024-12-09-at-20.36.09-1024x1024.jpeg 1024w, https:\/\/ihrcg.org\/wp-content\/uploads\/2024\/12\/WhatsApp-Image-2024-12-09-at-20.36.09-300x300.jpeg 300w, https:\/\/ihrcg.org\/wp-content\/uploads\/2024\/12\/WhatsApp-Image-2024-12-09-at-20.36.09-150x150.jpeg 150w, https:\/\/ihrcg.org\/wp-content\/uploads\/2024\/12\/WhatsApp-Image-2024-12-09-at-20.36.09-768x768.jpeg 768w, https:\/\/ihrcg.org\/wp-content\/uploads\/2024\/12\/WhatsApp-Image-2024-12-09-at-20.36.09-12x12.jpeg 12w, https:\/\/ihrcg.org\/wp-content\/uploads\/2024\/12\/WhatsApp-Image-2024-12-09-at-20.36.09.jpeg 1440w\" sizes=\"(max-width: 800px) 100vw, 800px\" \/>\t\t\t\t\t\t\t\t\t\t\t\t\t\t\t<\/div>\n\t\t\t\t<\/div>\n\t\t\t\t<div class=\"elementor-element elementor-element-0d9328c elementor-widget elementor-widget-image\" data-id=\"0d9328c\" data-element_type=\"widget\" data-widget_type=\"image.default\">\n\t\t\t\t<div class=\"elementor-widget-container\">\n\t\t\t\t\t\t\t\t\t\t\t\t\t\t\t<img loading=\"lazy\" decoding=\"async\" width=\"800\" height=\"800\" src=\"https:\/\/ihrcg.org\/wp-content\/uploads\/2024\/12\/WhatsApp-Image-2024-12-09-at-20.35.56-1024x1024.jpeg\" class=\"attachment-large size-large wp-image-1135\" alt=\"\" srcset=\"https:\/\/ihrcg.org\/wp-content\/uploads\/2024\/12\/WhatsApp-Image-2024-12-09-at-20.35.56-1024x1024.jpeg 1024w, https:\/\/ihrcg.org\/wp-content\/uploads\/2024\/12\/WhatsApp-Image-2024-12-09-at-20.35.56-300x300.jpeg 300w, https:\/\/ihrcg.org\/wp-content\/uploads\/2024\/12\/WhatsApp-Image-2024-12-09-at-20.35.56-150x150.jpeg 150w, https:\/\/ihrcg.org\/wp-content\/uploads\/2024\/12\/WhatsApp-Image-2024-12-09-at-20.35.56-768x768.jpeg 768w, https:\/\/ihrcg.org\/wp-content\/uploads\/2024\/12\/WhatsApp-Image-2024-12-09-at-20.35.56-12x12.jpeg 12w, https:\/\/ihrcg.org\/wp-content\/uploads\/2024\/12\/WhatsApp-Image-2024-12-09-at-20.35.56.jpeg 1440w\" sizes=\"(max-width: 800px) 100vw, 800px\" \/>\t\t\t\t\t\t\t\t\t\t\t\t\t\t\t<\/div>\n\t\t\t\t<\/div>\n\t\t\t\t\t<\/div>\n\t\t\t\t<\/div>\n\t\t<div class=\"elementor-element elementor-element-9cb9f07 e-flex e-con-boxed e-con e-parent\" data-id=\"9cb9f07\" data-element_type=\"container\">\n\t\t\t\t\t<div class=\"e-con-inner\">\n\t\t\t\t\t<\/div>\n\t\t\t\t<\/div>\n\t\t\t\t<\/div>","protected":false},"excerpt":{"rendered":"<p>A moment of inspiration! Introducci\u00f3n Gurudev Sri Sri Ravi Shankar Ji visited the Indian Embassy in Mexico and shared profound insights on the power of meditation for mental well-being and societal upliftment.\u00a0\u00a0 \u00a0 #MeditationForAll #IndiainMexico __ \u00a1Un momento de inspiraci\u00f3n! \u00a0 \u00a0 Gurudev Sri Sri Ravi Shankar Ji visit\u00f3 la Embajada de la India en [&hellip;]<\/p>","protected":false},"author":1,"featured_media":0,"parent":0,"menu_order":0,"comment_status":"closed","ping_status":"closed","template":"","meta":{"footnotes":""},"class_list":["post-1124","page","type-page","status-publish","hentry"],"yoast_head":"<!-- This site is optimized with the Yoast SEO plugin v24.4 - https:\/\/yoast.com\/wordpress\/plugins\/seo\/ -->\n<title>\u00a1Un momento de inspiraci\u00f3n! - IHRCG \u00ae Official Site<\/title>\n<meta name=\"robots\" content=\"index, follow, max-snippet:-1, max-image-preview:large, max-video-preview:-1\" \/>\n<link rel=\"canonical\" href=\"https:\/\/ihrcg.org\/en\/un-momento-de-inspiracion-21\/\" \/>\n<meta property=\"og:locale\" content=\"en_US\" \/>\n<meta property=\"og:type\" content=\"article\" \/>\n<meta property=\"og:title\" content=\"\u00a1Un momento de inspiraci\u00f3n! - IHRCG \u00ae Official Site\" \/>\n<meta property=\"og:description\" content=\"A moment of inspiration! Introducci\u00f3n Gurudev Sri Sri Ravi Shankar Ji visited the Indian Embassy in Mexico and shared profound insights on the power of meditation for mental well-being and societal upliftment.\u00a0\u00a0 \u00a0 #MeditationForAll #IndiainMexico __ \u00a1Un momento de inspiraci\u00f3n! \u00a0 \u00a0 Gurudev Sri Sri Ravi Shankar Ji visit\u00f3 la Embajada de la India en [&hellip;]\" \/>\n<meta property=\"og:url\" content=\"https:\/\/ihrcg.org\/en\/un-momento-de-inspiracion-21\/\" \/>\n<meta property=\"og:site_name\" content=\"IHRCG \u00ae Official Site\" \/>\n<meta property=\"article:publisher\" content=\"https:\/\/www.facebook.com\/profile.php?id=61561011090702\" \/>\n<meta property=\"article:modified_time\" content=\"2024-12-10T20:00:13+00:00\" \/>\n<meta property=\"og:image\" content=\"https:\/\/ihrcg.org\/wp-content\/uploads\/2024\/12\/WhatsApp-Image-2024-12-09-at-20.36.00.jpeg\" \/>\n\t<meta property=\"og:image:width\" content=\"1440\" \/>\n\t<meta property=\"og:image:height\" content=\"1440\" \/>\n\t<meta property=\"og:image:type\" content=\"image\/jpeg\" \/>\n<meta name=\"twitter:card\" content=\"summary_large_image\" \/>\n<meta name=\"twitter:label1\" content=\"Est. reading time\" \/>\n\t<meta name=\"twitter:data1\" content=\"2 minutes\" \/>\n<script type=\"application\/ld+json\" class=\"yoast-schema-graph\">{\"@context\":\"https:\/\/schema.org\",\"@graph\":[{\"@type\":\"WebPage\",\"@id\":\"https:\/\/ihrcg.org\/un-momento-de-inspiracion-21\/\",\"url\":\"https:\/\/ihrcg.org\/un-momento-de-inspiracion-21\/\",\"name\":\"\u00a1Un momento de inspiraci\u00f3n! - IHRCG \u00ae Official Site\",\"isPartOf\":{\"@id\":\"https:\/\/ihrcg.org\/#website\"},\"primaryImageOfPage\":{\"@id\":\"https:\/\/ihrcg.org\/un-momento-de-inspiracion-21\/#primaryimage\"},\"image\":{\"@id\":\"https:\/\/ihrcg.org\/un-momento-de-inspiracion-21\/#primaryimage\"},\"thumbnailUrl\":\"https:\/\/ihrcg.org\/wp-content\/uploads\/2024\/12\/WhatsApp-Image-2024-12-09-at-20.36.00-1024x1024.jpeg\",\"datePublished\":\"2024-12-10T19:58:40+00:00\",\"dateModified\":\"2024-12-10T20:00:13+00:00\",\"breadcrumb\":{\"@id\":\"https:\/\/ihrcg.org\/un-momento-de-inspiracion-21\/#breadcrumb\"},\"inLanguage\":\"en-US\",\"potentialAction\":[{\"@type\":\"ReadAction\",\"target\":[\"https:\/\/ihrcg.org\/un-momento-de-inspiracion-21\/\"]}]},{\"@type\":\"ImageObject\",\"inLanguage\":\"en-US\",\"@id\":\"https:\/\/ihrcg.org\/un-momento-de-inspiracion-21\/#primaryimage\",\"url\":\"https:\/\/ihrcg.org\/wp-content\/uploads\/2024\/12\/WhatsApp-Image-2024-12-09-at-20.36.00-1024x1024.jpeg\",\"contentUrl\":\"https:\/\/ihrcg.org\/wp-content\/uploads\/2024\/12\/WhatsApp-Image-2024-12-09-at-20.36.00-1024x1024.jpeg\"},{\"@type\":\"BreadcrumbList\",\"@id\":\"https:\/\/ihrcg.org\/un-momento-de-inspiracion-21\/#breadcrumb\",\"itemListElement\":[{\"@type\":\"ListItem\",\"position\":1,\"name\":\"Portada\",\"item\":\"https:\/\/ihrcg.org\/\"},{\"@type\":\"ListItem\",\"position\":2,\"name\":\"\u00a1Un momento de inspiraci\u00f3n!\"}]},{\"@type\":\"WebSite\",\"@id\":\"https:\/\/ihrcg.org\/#website\",\"url\":\"https:\/\/ihrcg.org\/\",\"name\":\"IHRCG Comisi\u00f3n Internacional de los Derechos Humanos Global\",\"description\":\"IHRCG \u00ae Official Site\",\"publisher\":{\"@id\":\"https:\/\/ihrcg.org\/#organization\"},\"potentialAction\":[{\"@type\":\"SearchAction\",\"target\":{\"@type\":\"EntryPoint\",\"urlTemplate\":\"https:\/\/ihrcg.org\/?s={search_term_string}\"},\"query-input\":{\"@type\":\"PropertyValueSpecification\",\"valueRequired\":true,\"valueName\":\"search_term_string\"}}],\"inLanguage\":\"en-US\"},{\"@type\":\"Organization\",\"@id\":\"https:\/\/ihrcg.org\/#organization\",\"name\":\"Comisi\u00f3n Internacional de los Derechos Humanos Global\",\"url\":\"https:\/\/ihrcg.org\/\",\"logo\":{\"@type\":\"ImageObject\",\"inLanguage\":\"en-US\",\"@id\":\"https:\/\/ihrcg.org\/#\/schema\/logo\/image\/\",\"url\":\"https:\/\/ihrcg.org\/wp-content\/uploads\/2024\/07\/ihrcg-dest.jpg\",\"contentUrl\":\"https:\/\/ihrcg.org\/wp-content\/uploads\/2024\/07\/ihrcg-dest.jpg\",\"width\":1000,\"height\":666,\"caption\":\"Comisi\u00f3n Internacional de los Derechos Humanos Global\"},\"image\":{\"@id\":\"https:\/\/ihrcg.org\/#\/schema\/logo\/image\/\"},\"sameAs\":[\"https:\/\/www.facebook.com\/profile.php?id=61561011090702\"]}]}<\/script>\n<!-- \/ Yoast SEO plugin. -->","yoast_head_json":{"title":"\u00a1Un momento de inspiraci\u00f3n! - IHRCG \u00ae Official Site","robots":{"index":"index","follow":"follow","max-snippet":"max-snippet:-1","max-image-preview":"max-image-preview:large","max-video-preview":"max-video-preview:-1"},"canonical":"https:\/\/ihrcg.org\/en\/un-momento-de-inspiracion-21\/","og_locale":"en_US","og_type":"article","og_title":"\u00a1Un momento de inspiraci\u00f3n! - IHRCG \u00ae Official Site","og_description":"A moment of inspiration! Introducci\u00f3n Gurudev Sri Sri Ravi Shankar Ji visited the Indian Embassy in Mexico and shared profound insights on the power of meditation for mental well-being and societal upliftment.\u00a0\u00a0 \u00a0 #MeditationForAll #IndiainMexico __ \u00a1Un momento de inspiraci\u00f3n! \u00a0 \u00a0 Gurudev Sri Sri Ravi Shankar Ji visit\u00f3 la Embajada de la India en [&hellip;]","og_url":"https:\/\/ihrcg.org\/en\/un-momento-de-inspiracion-21\/","og_site_name":"IHRCG \u00ae Official Site","article_publisher":"https:\/\/www.facebook.com\/profile.php?id=61561011090702","article_modified_time":"2024-12-10T20:00:13+00:00","og_image":[{"width":1440,"height":1440,"url":"https:\/\/ihrcg.org\/wp-content\/uploads\/2024\/12\/WhatsApp-Image-2024-12-09-at-20.36.00.jpeg","type":"image\/jpeg"}],"twitter_card":"summary_large_image","twitter_misc":{"Est. reading time":"2 minutes"},"schema":{"@context":"https:\/\/schema.org","@graph":[{"@type":"WebPage","@id":"https:\/\/ihrcg.org\/un-momento-de-inspiracion-21\/","url":"https:\/\/ihrcg.org\/un-momento-de-inspiracion-21\/","name":"\u00a1Un momento de inspiraci\u00f3n! - IHRCG \u00ae Official Site","isPartOf":{"@id":"https:\/\/ihrcg.org\/#website"},"primaryImageOfPage":{"@id":"https:\/\/ihrcg.org\/un-momento-de-inspiracion-21\/#primaryimage"},"image":{"@id":"https:\/\/ihrcg.org\/un-momento-de-inspiracion-21\/#primaryimage"},"thumbnailUrl":"https:\/\/ihrcg.org\/wp-content\/uploads\/2024\/12\/WhatsApp-Image-2024-12-09-at-20.36.00-1024x1024.jpeg","datePublished":"2024-12-10T19:58:40+00:00","dateModified":"2024-12-10T20:00:13+00:00","breadcrumb":{"@id":"https:\/\/ihrcg.org\/un-momento-de-inspiracion-21\/#breadcrumb"},"inLanguage":"en-US","potentialAction":[{"@type":"ReadAction","target":["https:\/\/ihrcg.org\/un-momento-de-inspiracion-21\/"]}]},{"@type":"ImageObject","inLanguage":"en-US","@id":"https:\/\/ihrcg.org\/un-momento-de-inspiracion-21\/#primaryimage","url":"https:\/\/ihrcg.org\/wp-content\/uploads\/2024\/12\/WhatsApp-Image-2024-12-09-at-20.36.00-1024x1024.jpeg","contentUrl":"https:\/\/ihrcg.org\/wp-content\/uploads\/2024\/12\/WhatsApp-Image-2024-12-09-at-20.36.00-1024x1024.jpeg"},{"@type":"BreadcrumbList","@id":"https:\/\/ihrcg.org\/un-momento-de-inspiracion-21\/#breadcrumb","itemListElement":[{"@type":"ListItem","position":1,"name":"Portada","item":"https:\/\/ihrcg.org\/"},{"@type":"ListItem","position":2,"name":"\u00a1Un momento de inspiraci\u00f3n!"}]},{"@type":"WebSite","@id":"https:\/\/ihrcg.org\/#website","url":"https:\/\/ihrcg.org\/","name":"IHRCG Comisi\u00f3n Internacional de los Derechos Humanos Global","description":"IHRCG \u00ae Official Site","publisher":{"@id":"https:\/\/ihrcg.org\/#organization"},"potentialAction":[{"@type":"SearchAction","target":{"@type":"EntryPoint","urlTemplate":"https:\/\/ihrcg.org\/?s={search_term_string}"},"query-input":{"@type":"PropertyValueSpecification","valueRequired":true,"valueName":"search_term_string"}}],"inLanguage":"en-US"},{"@type":"Organization","@id":"https:\/\/ihrcg.org\/#organization","name":"Comisi\u00f3n Internacional de los Derechos Humanos Global","url":"https:\/\/ihrcg.org\/","logo":{"@type":"ImageObject","inLanguage":"en-US","@id":"https:\/\/ihrcg.org\/#\/schema\/logo\/image\/","url":"https:\/\/ihrcg.org\/wp-content\/uploads\/2024\/07\/ihrcg-dest.jpg","contentUrl":"https:\/\/ihrcg.org\/wp-content\/uploads\/2024\/07\/ihrcg-dest.jpg","width":1000,"height":666,"caption":"Comisi\u00f3n Internacional de los Derechos Humanos Global"},"image":{"@id":"https:\/\/ihrcg.org\/#\/schema\/logo\/image\/"},"sameAs":["https:\/\/www.facebook.com\/profile.php?id=61561011090702"]}]}},"_links":{"self":[{"href":"https:\/\/ihrcg.org\/en\/wp-json\/wp\/v2\/pages\/1124","targetHints":{"allow":["GET"]}}],"collection":[{"href":"https:\/\/ihrcg.org\/en\/wp-json\/wp\/v2\/pages"}],"about":[{"href":"https:\/\/ihrcg.org\/en\/wp-json\/wp\/v2\/types\/page"}],"author":[{"embeddable":true,"href":"https:\/\/ihrcg.org\/en\/wp-json\/wp\/v2\/users\/1"}],"replies":[{"embeddable":true,"href":"https:\/\/ihrcg.org\/en\/wp-json\/wp\/v2\/comments?post=1124"}],"version-history":[{"count":7,"href":"https:\/\/ihrcg.org\/en\/wp-json\/wp\/v2\/pages\/1124\/revisions"}],"predecessor-version":[{"id":1144,"href":"https:\/\/ihrcg.org\/en\/wp-json\/wp\/v2\/pages\/1124\/revisions\/1144"}],"wp:attachment":[{"href":"https:\/\/ihrcg.org\/en\/wp-json\/wp\/v2\/media?parent=1124"}],"curies":[{"name":"wp","href":"https:\/\/api.w.org\/{rel}","templated":true}]}}