{"id":1229,"date":"2025-01-03T20:06:56","date_gmt":"2025-01-03T20:06:56","guid":{"rendered":"https:\/\/ihrcg.org\/?page_id=1229"},"modified":"2025-01-03T20:10:50","modified_gmt":"2025-01-03T20:10:50","slug":"ihrcg-rescate-animales","status":"publish","type":"page","link":"https:\/\/ihrcg.org\/en\/ihrcg-rescate-animales\/","title":{"rendered":"IHRCG &#8211; Rescatando Animales"},"content":{"rendered":"<div data-elementor-type=\"wp-page\" data-elementor-id=\"1229\" class=\"elementor elementor-1229\">\n\t\t\t\t<div class=\"elementor-element elementor-element-1a725fc1 e-flex e-con-boxed e-con e-parent\" data-id=\"1a725fc1\" data-element_type=\"container\" data-settings=\"{&quot;background_background&quot;:&quot;classic&quot;}\">\n\t\t\t\t\t<div class=\"e-con-inner\">\n\t\t<div class=\"elementor-element elementor-element-194783f5 e-con-full e-flex e-con e-child\" data-id=\"194783f5\" data-element_type=\"container\">\n\t\t\t\t<div class=\"elementor-element elementor-element-2e60264 elementor-widget__width-initial elementor-widget elementor-widget-heading\" data-id=\"2e60264\" data-element_type=\"widget\" data-widget_type=\"heading.default\">\n\t\t\t\t<div class=\"elementor-widget-container\">\n\t\t\t\t\t<h3 class=\"elementor-heading-title elementor-size-default\">IHRCG RESCATANDO ANIMALES<\/h3>\t\t\t\t<\/div>\n\t\t\t\t<\/div>\n\t\t\t\t<\/div>\n\t\t\t\t\t<\/div>\n\t\t\t\t<\/div>\n\t\t<div class=\"elementor-element elementor-element-418df22 e-flex e-con-boxed e-con e-parent\" data-id=\"418df22\" data-element_type=\"container\">\n\t\t\t\t\t<div class=\"e-con-inner\">\n\t\t<div class=\"elementor-element elementor-element-5d72308 e-con-full e-flex e-con e-child\" data-id=\"5d72308\" data-element_type=\"container\" data-settings=\"{&quot;background_background&quot;:&quot;classic&quot;}\">\n\t\t\t\t<div class=\"elementor-element elementor-element-ea6063e elementor-widget__width-initial elementor-widget elementor-widget-heading\" data-id=\"ea6063e\" data-element_type=\"widget\" data-widget_type=\"heading.default\">\n\t\t\t\t<div class=\"elementor-widget-container\">\n\t\t\t\t\t<h3 class=\"elementor-heading-title elementor-size-default\">Introduction<\/h3>\t\t\t\t<\/div>\n\t\t\t\t<\/div>\n\t\t\t\t<\/div>\n\t\t\t\t\t<\/div>\n\t\t\t\t<\/div>\n\t\t<div class=\"elementor-element elementor-element-e081644 e-flex e-con-boxed e-con e-parent\" data-id=\"e081644\" data-element_type=\"container\" data-settings=\"{&quot;background_background&quot;:&quot;classic&quot;}\">\n\t\t\t\t\t<div class=\"e-con-inner\">\n\t\t<div class=\"elementor-element elementor-element-6b110ff e-con-full e-flex e-con e-child\" data-id=\"6b110ff\" data-element_type=\"container\">\n\t\t\t\t<div class=\"elementor-element elementor-element-01b84b6 elementor-widget elementor-widget-text-editor\" data-id=\"01b84b6\" data-element_type=\"widget\" data-widget_type=\"text-editor.default\">\n\t\t\t\t<div class=\"elementor-widget-container\">\n\t\t\t\t\t\t\t\t\t<p>Este 2025 terminamos de realizar este proyecto maravilloso de rescatar perros y animales en toda Hispanoam\u00e9rica.<\/p><p>#International #Human #Rights #Commission #Global #IHRCG.<\/p><p><strong>Dr.H.C. Jos\u00e9 \u00c1ngel Ramirez.<\/strong><\/p><p id=\"tw-target-text\" class=\"tw-data-text tw-text-large tw-ta\" dir=\"ltr\" data-placeholder=\"Traducci\u00f3n\" aria-label=\"Texto traducido: This 2025 we finish carrying out this wonderful project of rescuing dogs and animals throughout Latin America.\" data-ved=\"2ahUKEwi3v8zLrNqKAxWIM0QIHZCNOTAQ3ewLegQIDBAT\"><span class=\"Y2IQFc\" lang=\"en\">This 2025 we finish carrying out this wonderful project of rescuing dogs and animals throughout Latin America.<br \/><\/span><\/p><p>#International #Human #Rights #Commission #Global #IHRCG<\/p><p><strong>Dr.H.C. Jos\u00e9 \u00c1ngel Ramirez.<\/strong><\/p>\t\t\t\t\t\t\t\t<\/div>\n\t\t\t\t<\/div>\n\t\t\t\t<\/div>\n\t\t<div class=\"elementor-element elementor-element-2f7b212 e-con-full e-flex e-con e-child\" data-id=\"2f7b212\" data-element_type=\"container\">\n\t\t\t\t<div class=\"elementor-element elementor-element-17a463d elementor-widget elementor-widget-image\" data-id=\"17a463d\" data-element_type=\"widget\" data-widget_type=\"image.default\">\n\t\t\t\t<div class=\"elementor-widget-container\">\n\t\t\t\t\t\t\t\t\t\t\t\t\t\t\t<img fetchpriority=\"high\" decoding=\"async\" width=\"800\" height=\"800\" src=\"https:\/\/ihrcg.org\/wp-content\/uploads\/2025\/01\/WhatsApp-Image-2025-01-02-at-10.04.381-1024x1024.jpeg\" class=\"attachment-large size-large wp-image-1232\" alt=\"\" srcset=\"https:\/\/ihrcg.org\/wp-content\/uploads\/2025\/01\/WhatsApp-Image-2025-01-02-at-10.04.381-1024x1024.jpeg 1024w, https:\/\/ihrcg.org\/wp-content\/uploads\/2025\/01\/WhatsApp-Image-2025-01-02-at-10.04.381-300x300.jpeg 300w, https:\/\/ihrcg.org\/wp-content\/uploads\/2025\/01\/WhatsApp-Image-2025-01-02-at-10.04.381-150x150.jpeg 150w, https:\/\/ihrcg.org\/wp-content\/uploads\/2025\/01\/WhatsApp-Image-2025-01-02-at-10.04.381-768x768.jpeg 768w, https:\/\/ihrcg.org\/wp-content\/uploads\/2025\/01\/WhatsApp-Image-2025-01-02-at-10.04.381-12x12.jpeg 12w, https:\/\/ihrcg.org\/wp-content\/uploads\/2025\/01\/WhatsApp-Image-2025-01-02-at-10.04.381.jpeg 1080w\" sizes=\"(max-width: 800px) 100vw, 800px\" \/>\t\t\t\t\t\t\t\t\t\t\t\t\t\t\t<\/div>\n\t\t\t\t<\/div>\n\t\t\t\t<\/div>\n\t\t\t\t\t<\/div>\n\t\t\t\t<\/div>\n\t\t<div class=\"elementor-element elementor-element-9cb9f07 e-flex e-con-boxed e-con e-parent\" data-id=\"9cb9f07\" data-element_type=\"container\">\n\t\t\t\t\t<div class=\"e-con-inner\">\n\t\t\t\t<div class=\"elementor-element elementor-element-ba4fb6b elementor-widget elementor-widget-image\" data-id=\"ba4fb6b\" data-element_type=\"widget\" data-widget_type=\"image.default\">\n\t\t\t\t<div class=\"elementor-widget-container\">\n\t\t\t\t\t\t\t\t\t\t\t\t\t\t\t<img decoding=\"async\" width=\"768\" height=\"768\" src=\"https:\/\/ihrcg.org\/wp-content\/uploads\/2025\/01\/WhatsApp-Image-2025-01-02-at-10.04.38-768x768.jpeg\" class=\"attachment-medium_large size-medium_large wp-image-1231\" alt=\"\" srcset=\"https:\/\/ihrcg.org\/wp-content\/uploads\/2025\/01\/WhatsApp-Image-2025-01-02-at-10.04.38-768x768.jpeg 768w, https:\/\/ihrcg.org\/wp-content\/uploads\/2025\/01\/WhatsApp-Image-2025-01-02-at-10.04.38-300x300.jpeg 300w, https:\/\/ihrcg.org\/wp-content\/uploads\/2025\/01\/WhatsApp-Image-2025-01-02-at-10.04.38-150x150.jpeg 150w, https:\/\/ihrcg.org\/wp-content\/uploads\/2025\/01\/WhatsApp-Image-2025-01-02-at-10.04.38-12x12.jpeg 12w, https:\/\/ihrcg.org\/wp-content\/uploads\/2025\/01\/WhatsApp-Image-2025-01-02-at-10.04.38.jpeg 960w\" sizes=\"(max-width: 768px) 100vw, 768px\" \/>\t\t\t\t\t\t\t\t\t\t\t\t\t\t\t<\/div>\n\t\t\t\t<\/div>\n\t\t\t\t\t<\/div>\n\t\t\t\t<\/div>\n\t\t\t\t<\/div>","protected":false},"excerpt":{"rendered":"<p>IHRCG RESCATANDO ANIMALES Introducci\u00f3n Este 2025 terminamos de realizar este proyecto maravilloso de rescatar perros y animales en toda Hispanoam\u00e9rica. #International #Human #Rights #Commission #Global #IHRCG. Dr.H.C. Jos\u00e9 \u00c1ngel Ramirez. This 2025 we finish carrying out this wonderful project of rescuing dogs and animals throughout Latin America. #International #Human #Rights #Commission #Global #IHRCG Dr.H.C. Jos\u00e9 [&hellip;]<\/p>","protected":false},"author":1,"featured_media":0,"parent":0,"menu_order":0,"comment_status":"closed","ping_status":"closed","template":"","meta":{"footnotes":""},"class_list":["post-1229","page","type-page","status-publish","hentry"],"yoast_head":"<!-- This site is optimized with the Yoast SEO plugin v24.4 - https:\/\/yoast.com\/wordpress\/plugins\/seo\/ -->\n<title>IHRCG - Rescatando Animales - IHRCG \u00ae Official Site<\/title>\n<meta name=\"robots\" content=\"index, follow, max-snippet:-1, max-image-preview:large, max-video-preview:-1\" \/>\n<link rel=\"canonical\" href=\"https:\/\/ihrcg.org\/en\/ihrcg-rescate-animales\/\" \/>\n<meta property=\"og:locale\" content=\"en_US\" \/>\n<meta property=\"og:type\" content=\"article\" \/>\n<meta property=\"og:title\" content=\"IHRCG - Rescatando Animales - IHRCG \u00ae Official Site\" \/>\n<meta property=\"og:description\" content=\"IHRCG RESCATANDO ANIMALES Introducci\u00f3n Este 2025 terminamos de realizar este proyecto maravilloso de rescatar perros y animales en toda Hispanoam\u00e9rica. #International #Human #Rights #Commission #Global #IHRCG. Dr.H.C. Jos\u00e9 \u00c1ngel Ramirez. This 2025 we finish carrying out this wonderful project of rescuing dogs and animals throughout Latin America. #International #Human #Rights #Commission #Global #IHRCG Dr.H.C. Jos\u00e9 [&hellip;]\" \/>\n<meta property=\"og:url\" content=\"https:\/\/ihrcg.org\/en\/ihrcg-rescate-animales\/\" \/>\n<meta property=\"og:site_name\" content=\"IHRCG \u00ae Official Site\" \/>\n<meta property=\"article:publisher\" content=\"https:\/\/www.facebook.com\/profile.php?id=61561011090702\" \/>\n<meta property=\"article:modified_time\" content=\"2025-01-03T20:10:50+00:00\" \/>\n<meta property=\"og:image\" content=\"https:\/\/ihrcg.org\/wp-content\/uploads\/2025\/01\/WhatsApp-Image-2025-01-02-at-10.04.381.jpeg\" \/>\n\t<meta property=\"og:image:width\" content=\"1080\" \/>\n\t<meta property=\"og:image:height\" content=\"1080\" \/>\n\t<meta property=\"og:image:type\" content=\"image\/jpeg\" \/>\n<meta name=\"twitter:card\" content=\"summary_large_image\" \/>\n<meta name=\"twitter:label1\" content=\"Est. reading time\" \/>\n\t<meta name=\"twitter:data1\" content=\"1 minute\" \/>\n<script type=\"application\/ld+json\" class=\"yoast-schema-graph\">{\"@context\":\"https:\/\/schema.org\",\"@graph\":[{\"@type\":\"WebPage\",\"@id\":\"https:\/\/ihrcg.org\/ihrcg-rescate-animales\/\",\"url\":\"https:\/\/ihrcg.org\/ihrcg-rescate-animales\/\",\"name\":\"IHRCG - Rescatando Animales - IHRCG \u00ae Official Site\",\"isPartOf\":{\"@id\":\"https:\/\/ihrcg.org\/#website\"},\"primaryImageOfPage\":{\"@id\":\"https:\/\/ihrcg.org\/ihrcg-rescate-animales\/#primaryimage\"},\"image\":{\"@id\":\"https:\/\/ihrcg.org\/ihrcg-rescate-animales\/#primaryimage\"},\"thumbnailUrl\":\"https:\/\/ihrcg.org\/wp-content\/uploads\/2025\/01\/WhatsApp-Image-2025-01-02-at-10.04.381-1024x1024.jpeg\",\"datePublished\":\"2025-01-03T20:06:56+00:00\",\"dateModified\":\"2025-01-03T20:10:50+00:00\",\"breadcrumb\":{\"@id\":\"https:\/\/ihrcg.org\/ihrcg-rescate-animales\/#breadcrumb\"},\"inLanguage\":\"en-US\",\"potentialAction\":[{\"@type\":\"ReadAction\",\"target\":[\"https:\/\/ihrcg.org\/ihrcg-rescate-animales\/\"]}]},{\"@type\":\"ImageObject\",\"inLanguage\":\"en-US\",\"@id\":\"https:\/\/ihrcg.org\/ihrcg-rescate-animales\/#primaryimage\",\"url\":\"https:\/\/ihrcg.org\/wp-content\/uploads\/2025\/01\/WhatsApp-Image-2025-01-02-at-10.04.381-1024x1024.jpeg\",\"contentUrl\":\"https:\/\/ihrcg.org\/wp-content\/uploads\/2025\/01\/WhatsApp-Image-2025-01-02-at-10.04.381-1024x1024.jpeg\"},{\"@type\":\"BreadcrumbList\",\"@id\":\"https:\/\/ihrcg.org\/ihrcg-rescate-animales\/#breadcrumb\",\"itemListElement\":[{\"@type\":\"ListItem\",\"position\":1,\"name\":\"Portada\",\"item\":\"https:\/\/ihrcg.org\/\"},{\"@type\":\"ListItem\",\"position\":2,\"name\":\"IHRCG &#8211; Rescatando Animales\"}]},{\"@type\":\"WebSite\",\"@id\":\"https:\/\/ihrcg.org\/#website\",\"url\":\"https:\/\/ihrcg.org\/\",\"name\":\"IHRCG Comisi\u00f3n Internacional de los Derechos Humanos Global\",\"description\":\"IHRCG \u00ae Official Site\",\"publisher\":{\"@id\":\"https:\/\/ihrcg.org\/#organization\"},\"potentialAction\":[{\"@type\":\"SearchAction\",\"target\":{\"@type\":\"EntryPoint\",\"urlTemplate\":\"https:\/\/ihrcg.org\/?s={search_term_string}\"},\"query-input\":{\"@type\":\"PropertyValueSpecification\",\"valueRequired\":true,\"valueName\":\"search_term_string\"}}],\"inLanguage\":\"en-US\"},{\"@type\":\"Organization\",\"@id\":\"https:\/\/ihrcg.org\/#organization\",\"name\":\"Comisi\u00f3n Internacional de los Derechos Humanos Global\",\"url\":\"https:\/\/ihrcg.org\/\",\"logo\":{\"@type\":\"ImageObject\",\"inLanguage\":\"en-US\",\"@id\":\"https:\/\/ihrcg.org\/#\/schema\/logo\/image\/\",\"url\":\"https:\/\/ihrcg.org\/wp-content\/uploads\/2024\/07\/ihrcg-dest.jpg\",\"contentUrl\":\"https:\/\/ihrcg.org\/wp-content\/uploads\/2024\/07\/ihrcg-dest.jpg\",\"width\":1000,\"height\":666,\"caption\":\"Comisi\u00f3n Internacional de los Derechos Humanos Global\"},\"image\":{\"@id\":\"https:\/\/ihrcg.org\/#\/schema\/logo\/image\/\"},\"sameAs\":[\"https:\/\/www.facebook.com\/profile.php?id=61561011090702\"]}]}<\/script>\n<!-- \/ Yoast SEO plugin. -->","yoast_head_json":{"title":"IHRCG - Rescatando Animales - IHRCG \u00ae Official Site","robots":{"index":"index","follow":"follow","max-snippet":"max-snippet:-1","max-image-preview":"max-image-preview:large","max-video-preview":"max-video-preview:-1"},"canonical":"https:\/\/ihrcg.org\/en\/ihrcg-rescate-animales\/","og_locale":"en_US","og_type":"article","og_title":"IHRCG - Rescatando Animales - IHRCG \u00ae Official Site","og_description":"IHRCG RESCATANDO ANIMALES Introducci\u00f3n Este 2025 terminamos de realizar este proyecto maravilloso de rescatar perros y animales en toda Hispanoam\u00e9rica. #International #Human #Rights #Commission #Global #IHRCG. Dr.H.C. Jos\u00e9 \u00c1ngel Ramirez. This 2025 we finish carrying out this wonderful project of rescuing dogs and animals throughout Latin America. #International #Human #Rights #Commission #Global #IHRCG Dr.H.C. Jos\u00e9 [&hellip;]","og_url":"https:\/\/ihrcg.org\/en\/ihrcg-rescate-animales\/","og_site_name":"IHRCG \u00ae Official Site","article_publisher":"https:\/\/www.facebook.com\/profile.php?id=61561011090702","article_modified_time":"2025-01-03T20:10:50+00:00","og_image":[{"width":1080,"height":1080,"url":"https:\/\/ihrcg.org\/wp-content\/uploads\/2025\/01\/WhatsApp-Image-2025-01-02-at-10.04.381.jpeg","type":"image\/jpeg"}],"twitter_card":"summary_large_image","twitter_misc":{"Est. reading time":"1 minute"},"schema":{"@context":"https:\/\/schema.org","@graph":[{"@type":"WebPage","@id":"https:\/\/ihrcg.org\/ihrcg-rescate-animales\/","url":"https:\/\/ihrcg.org\/ihrcg-rescate-animales\/","name":"IHRCG - Rescatando Animales - IHRCG \u00ae Official Site","isPartOf":{"@id":"https:\/\/ihrcg.org\/#website"},"primaryImageOfPage":{"@id":"https:\/\/ihrcg.org\/ihrcg-rescate-animales\/#primaryimage"},"image":{"@id":"https:\/\/ihrcg.org\/ihrcg-rescate-animales\/#primaryimage"},"thumbnailUrl":"https:\/\/ihrcg.org\/wp-content\/uploads\/2025\/01\/WhatsApp-Image-2025-01-02-at-10.04.381-1024x1024.jpeg","datePublished":"2025-01-03T20:06:56+00:00","dateModified":"2025-01-03T20:10:50+00:00","breadcrumb":{"@id":"https:\/\/ihrcg.org\/ihrcg-rescate-animales\/#breadcrumb"},"inLanguage":"en-US","potentialAction":[{"@type":"ReadAction","target":["https:\/\/ihrcg.org\/ihrcg-rescate-animales\/"]}]},{"@type":"ImageObject","inLanguage":"en-US","@id":"https:\/\/ihrcg.org\/ihrcg-rescate-animales\/#primaryimage","url":"https:\/\/ihrcg.org\/wp-content\/uploads\/2025\/01\/WhatsApp-Image-2025-01-02-at-10.04.381-1024x1024.jpeg","contentUrl":"https:\/\/ihrcg.org\/wp-content\/uploads\/2025\/01\/WhatsApp-Image-2025-01-02-at-10.04.381-1024x1024.jpeg"},{"@type":"BreadcrumbList","@id":"https:\/\/ihrcg.org\/ihrcg-rescate-animales\/#breadcrumb","itemListElement":[{"@type":"ListItem","position":1,"name":"Portada","item":"https:\/\/ihrcg.org\/"},{"@type":"ListItem","position":2,"name":"IHRCG &#8211; Rescatando Animales"}]},{"@type":"WebSite","@id":"https:\/\/ihrcg.org\/#website","url":"https:\/\/ihrcg.org\/","name":"IHRCG Comisi\u00f3n Internacional de los Derechos Humanos Global","description":"IHRCG \u00ae Official Site","publisher":{"@id":"https:\/\/ihrcg.org\/#organization"},"potentialAction":[{"@type":"SearchAction","target":{"@type":"EntryPoint","urlTemplate":"https:\/\/ihrcg.org\/?s={search_term_string}"},"query-input":{"@type":"PropertyValueSpecification","valueRequired":true,"valueName":"search_term_string"}}],"inLanguage":"en-US"},{"@type":"Organization","@id":"https:\/\/ihrcg.org\/#organization","name":"Comisi\u00f3n Internacional de los Derechos Humanos Global","url":"https:\/\/ihrcg.org\/","logo":{"@type":"ImageObject","inLanguage":"en-US","@id":"https:\/\/ihrcg.org\/#\/schema\/logo\/image\/","url":"https:\/\/ihrcg.org\/wp-content\/uploads\/2024\/07\/ihrcg-dest.jpg","contentUrl":"https:\/\/ihrcg.org\/wp-content\/uploads\/2024\/07\/ihrcg-dest.jpg","width":1000,"height":666,"caption":"Comisi\u00f3n Internacional de los Derechos Humanos Global"},"image":{"@id":"https:\/\/ihrcg.org\/#\/schema\/logo\/image\/"},"sameAs":["https:\/\/www.facebook.com\/profile.php?id=61561011090702"]}]}},"_links":{"self":[{"href":"https:\/\/ihrcg.org\/en\/wp-json\/wp\/v2\/pages\/1229","targetHints":{"allow":["GET"]}}],"collection":[{"href":"https:\/\/ihrcg.org\/en\/wp-json\/wp\/v2\/pages"}],"about":[{"href":"https:\/\/ihrcg.org\/en\/wp-json\/wp\/v2\/types\/page"}],"author":[{"embeddable":true,"href":"https:\/\/ihrcg.org\/en\/wp-json\/wp\/v2\/users\/1"}],"replies":[{"embeddable":true,"href":"https:\/\/ihrcg.org\/en\/wp-json\/wp\/v2\/comments?post=1229"}],"version-history":[{"count":5,"href":"https:\/\/ihrcg.org\/en\/wp-json\/wp\/v2\/pages\/1229\/revisions"}],"predecessor-version":[{"id":1236,"href":"https:\/\/ihrcg.org\/en\/wp-json\/wp\/v2\/pages\/1229\/revisions\/1236"}],"wp:attachment":[{"href":"https:\/\/ihrcg.org\/en\/wp-json\/wp\/v2\/media?parent=1229"}],"curies":[{"name":"wp","href":"https:\/\/api.w.org\/{rel}","templated":true}]}}