{"id":1485,"date":"2025-04-15T17:03:57","date_gmt":"2025-04-15T17:03:57","guid":{"rendered":"https:\/\/ihrcg.org\/?page_id=1485"},"modified":"2025-04-15T17:08:37","modified_gmt":"2025-04-15T17:08:37","slug":"ihrcg-direcciones","status":"publish","type":"page","link":"https:\/\/ihrcg.org\/en\/ihrcg-direcciones\/","title":{"rendered":"Direcciones\/Oficinas"},"content":{"rendered":"<div data-elementor-type=\"wp-page\" data-elementor-id=\"1485\" class=\"elementor elementor-1485\">\n\t\t\t\t<div class=\"elementor-element elementor-element-1a725fc1 e-flex e-con-boxed e-con e-parent\" data-id=\"1a725fc1\" data-element_type=\"container\" data-settings=\"{&quot;background_background&quot;:&quot;classic&quot;}\">\n\t\t\t\t\t<div class=\"e-con-inner\">\n\t\t<div class=\"elementor-element elementor-element-194783f5 e-con-full e-flex e-con e-child\" data-id=\"194783f5\" data-element_type=\"container\">\n\t\t\t\t<div class=\"elementor-element elementor-element-2e60264 elementor-widget__width-initial elementor-widget elementor-widget-heading\" data-id=\"2e60264\" data-element_type=\"widget\" data-widget_type=\"heading.default\">\n\t\t\t\t<div class=\"elementor-widget-container\">\n\t\t\t\t\t<h3 class=\"elementor-heading-title elementor-size-default\">IHRCG OFICINAS<\/h3>\t\t\t\t<\/div>\n\t\t\t\t<\/div>\n\t\t\t\t<\/div>\n\t\t\t\t\t<\/div>\n\t\t\t\t<\/div>\n\t\t<div class=\"elementor-element elementor-element-418df22 e-flex e-con-boxed e-con e-parent\" data-id=\"418df22\" data-element_type=\"container\">\n\t\t\t\t\t<div class=\"e-con-inner\">\n\t\t<div class=\"elementor-element elementor-element-5d72308 e-con-full e-flex e-con e-child\" data-id=\"5d72308\" data-element_type=\"container\" data-settings=\"{&quot;background_background&quot;:&quot;classic&quot;}\">\n\t\t\t\t<div class=\"elementor-element elementor-element-ea6063e elementor-widget__width-initial elementor-widget elementor-widget-heading\" data-id=\"ea6063e\" data-element_type=\"widget\" data-widget_type=\"heading.default\">\n\t\t\t\t<div class=\"elementor-widget-container\">\n\t\t\t\t\t<h3 class=\"elementor-heading-title elementor-size-default\">Introduction<\/h3>\t\t\t\t<\/div>\n\t\t\t\t<\/div>\n\t\t\t\t<\/div>\n\t\t\t\t\t<\/div>\n\t\t\t\t<\/div>\n\t\t<div class=\"elementor-element elementor-element-e081644 e-flex e-con-boxed e-con e-parent\" data-id=\"e081644\" data-element_type=\"container\" data-settings=\"{&quot;background_background&quot;:&quot;classic&quot;}\">\n\t\t\t\t\t<div class=\"e-con-inner\">\n\t\t<div class=\"elementor-element elementor-element-6b110ff e-con-full e-flex e-con e-child\" data-id=\"6b110ff\" data-element_type=\"container\">\n\t\t\t\t<div class=\"elementor-element elementor-element-01b84b6 elementor-widget elementor-widget-text-editor\" data-id=\"01b84b6\" data-element_type=\"widget\" data-widget_type=\"text-editor.default\">\n\t\t\t\t<div class=\"elementor-widget-container\">\n\t\t\t\t\t\t\t\t\t<h4><strong>1. <\/strong>IHRCG Office Address: House no.9 Holding no.5489 ,Hillview R\/A( Sornali) Road no3 ,Block- b ,.p.o: polytechnic,Panchlaish Ctg.<\/h4><p>\u00a0<\/p><h4><strong>2. <\/strong>Direcci\u00f3n: Jorge Odiard 1418 Concordia, provincia de Entre R\u00edos Argentina C\u00f3digo Posta: 3200<br \/>Telefono: + 54345 4 064 217<strong>.<\/strong><\/h4><p>\u00a0<\/p><h4><strong>3. <\/strong>Av 45 # 59- 49 interior 301 barrio Niquia Bello colombia C\u00f3digo postal 051050.+57 318 9480148.<\/h4><p>\u00a0<\/p><h4><strong>4. <\/strong>Carretera Panamericana 8 SN 120 Hacienda Bonanza, corregimiento de Sonso, Guacari Valle del Cauca Colombia +57 318 9480148. C\u00f3digo postal # 763501.<\/h4><p>\u00a0<\/p><h4><strong>5. <\/strong>Ecuador. Provincia de Santa elena.Canton la libertad. Cuarta avenida. Calle23. C\u00f3digo postal 240350. Celular +593991180991.<\/h4>\t\t\t\t\t\t\t\t<\/div>\n\t\t\t\t<\/div>\n\t\t\t\t<\/div>\n\t\t<div class=\"elementor-element elementor-element-2f7b212 e-con-full e-flex e-con e-child\" data-id=\"2f7b212\" data-element_type=\"container\">\n\t\t\t\t<\/div>\n\t\t\t\t\t<\/div>\n\t\t\t\t<\/div>\n\t\t\t\t<\/div>","protected":false},"excerpt":{"rendered":"<p>IHRCG OFICINAS Introducci\u00f3n 1. IHRCG Office Address: House no.9 Holding no.5489 ,Hillview R\/A( Sornali) Road no3 ,Block- b ,.p.o: polytechnic,Panchlaish Ctg. \u00a0 2. Direcci\u00f3n: Jorge Odiard 1418 Concordia, provincia de Entre R\u00edos Argentina C\u00f3digo Posta: 3200Telefono: + 54345 4 064 217. \u00a0 3. Av 45 # 59- 49 interior 301 barrio Niquia Bello colombia C\u00f3digo [&hellip;]<\/p>","protected":false},"author":1,"featured_media":0,"parent":0,"menu_order":0,"comment_status":"closed","ping_status":"closed","template":"","meta":{"footnotes":""},"class_list":["post-1485","page","type-page","status-publish","hentry"],"yoast_head":"<!-- This site is optimized with the Yoast SEO plugin v24.4 - https:\/\/yoast.com\/wordpress\/plugins\/seo\/ -->\n<title>Direcciones\/Oficinas - IHRCG \u00ae Official Site<\/title>\n<meta name=\"robots\" content=\"index, follow, max-snippet:-1, max-image-preview:large, max-video-preview:-1\" \/>\n<link rel=\"canonical\" href=\"https:\/\/ihrcg.org\/en\/ihrcg-direcciones\/\" \/>\n<meta property=\"og:locale\" content=\"en_US\" \/>\n<meta property=\"og:type\" content=\"article\" \/>\n<meta property=\"og:title\" content=\"Direcciones\/Oficinas - IHRCG \u00ae Official Site\" \/>\n<meta property=\"og:description\" content=\"IHRCG OFICINAS Introducci\u00f3n 1. IHRCG Office Address: House no.9 Holding no.5489 ,Hillview R\/A( Sornali) Road no3 ,Block- b ,.p.o: polytechnic,Panchlaish Ctg. \u00a0 2. Direcci\u00f3n: Jorge Odiard 1418 Concordia, provincia de Entre R\u00edos Argentina C\u00f3digo Posta: 3200Telefono: + 54345 4 064 217. \u00a0 3. Av 45 # 59- 49 interior 301 barrio Niquia Bello colombia C\u00f3digo [&hellip;]\" \/>\n<meta property=\"og:url\" content=\"https:\/\/ihrcg.org\/en\/ihrcg-direcciones\/\" \/>\n<meta property=\"og:site_name\" content=\"IHRCG \u00ae Official Site\" \/>\n<meta property=\"article:publisher\" content=\"https:\/\/www.facebook.com\/profile.php?id=61561011090702\" \/>\n<meta property=\"article:modified_time\" content=\"2025-04-15T17:08:37+00:00\" \/>\n<meta name=\"twitter:card\" content=\"summary_large_image\" \/>\n<meta name=\"twitter:label1\" content=\"Est. reading time\" \/>\n\t<meta name=\"twitter:data1\" content=\"1 minute\" \/>\n<script type=\"application\/ld+json\" class=\"yoast-schema-graph\">{\"@context\":\"https:\/\/schema.org\",\"@graph\":[{\"@type\":\"WebPage\",\"@id\":\"https:\/\/ihrcg.org\/ihrcg-direcciones\/\",\"url\":\"https:\/\/ihrcg.org\/ihrcg-direcciones\/\",\"name\":\"Direcciones\/Oficinas - IHRCG \u00ae Official Site\",\"isPartOf\":{\"@id\":\"https:\/\/ihrcg.org\/#website\"},\"datePublished\":\"2025-04-15T17:03:57+00:00\",\"dateModified\":\"2025-04-15T17:08:37+00:00\",\"breadcrumb\":{\"@id\":\"https:\/\/ihrcg.org\/ihrcg-direcciones\/#breadcrumb\"},\"inLanguage\":\"en-US\",\"potentialAction\":[{\"@type\":\"ReadAction\",\"target\":[\"https:\/\/ihrcg.org\/ihrcg-direcciones\/\"]}]},{\"@type\":\"BreadcrumbList\",\"@id\":\"https:\/\/ihrcg.org\/ihrcg-direcciones\/#breadcrumb\",\"itemListElement\":[{\"@type\":\"ListItem\",\"position\":1,\"name\":\"Portada\",\"item\":\"https:\/\/ihrcg.org\/\"},{\"@type\":\"ListItem\",\"position\":2,\"name\":\"Direcciones\/Oficinas\"}]},{\"@type\":\"WebSite\",\"@id\":\"https:\/\/ihrcg.org\/#website\",\"url\":\"https:\/\/ihrcg.org\/\",\"name\":\"IHRCG Comisi\u00f3n Internacional de los Derechos Humanos Global\",\"description\":\"IHRCG \u00ae Official Site\",\"publisher\":{\"@id\":\"https:\/\/ihrcg.org\/#organization\"},\"potentialAction\":[{\"@type\":\"SearchAction\",\"target\":{\"@type\":\"EntryPoint\",\"urlTemplate\":\"https:\/\/ihrcg.org\/?s={search_term_string}\"},\"query-input\":{\"@type\":\"PropertyValueSpecification\",\"valueRequired\":true,\"valueName\":\"search_term_string\"}}],\"inLanguage\":\"en-US\"},{\"@type\":\"Organization\",\"@id\":\"https:\/\/ihrcg.org\/#organization\",\"name\":\"Comisi\u00f3n Internacional de los Derechos Humanos Global\",\"url\":\"https:\/\/ihrcg.org\/\",\"logo\":{\"@type\":\"ImageObject\",\"inLanguage\":\"en-US\",\"@id\":\"https:\/\/ihrcg.org\/#\/schema\/logo\/image\/\",\"url\":\"https:\/\/ihrcg.org\/wp-content\/uploads\/2024\/07\/ihrcg-dest.jpg\",\"contentUrl\":\"https:\/\/ihrcg.org\/wp-content\/uploads\/2024\/07\/ihrcg-dest.jpg\",\"width\":1000,\"height\":666,\"caption\":\"Comisi\u00f3n Internacional de los Derechos Humanos Global\"},\"image\":{\"@id\":\"https:\/\/ihrcg.org\/#\/schema\/logo\/image\/\"},\"sameAs\":[\"https:\/\/www.facebook.com\/profile.php?id=61561011090702\"]}]}<\/script>\n<!-- \/ Yoast SEO plugin. -->","yoast_head_json":{"title":"Direcciones\/Oficinas - IHRCG \u00ae Official Site","robots":{"index":"index","follow":"follow","max-snippet":"max-snippet:-1","max-image-preview":"max-image-preview:large","max-video-preview":"max-video-preview:-1"},"canonical":"https:\/\/ihrcg.org\/en\/ihrcg-direcciones\/","og_locale":"en_US","og_type":"article","og_title":"Direcciones\/Oficinas - IHRCG \u00ae Official Site","og_description":"IHRCG OFICINAS Introducci\u00f3n 1. IHRCG Office Address: House no.9 Holding no.5489 ,Hillview R\/A( Sornali) Road no3 ,Block- b ,.p.o: polytechnic,Panchlaish Ctg. \u00a0 2. Direcci\u00f3n: Jorge Odiard 1418 Concordia, provincia de Entre R\u00edos Argentina C\u00f3digo Posta: 3200Telefono: + 54345 4 064 217. \u00a0 3. Av 45 # 59- 49 interior 301 barrio Niquia Bello colombia C\u00f3digo [&hellip;]","og_url":"https:\/\/ihrcg.org\/en\/ihrcg-direcciones\/","og_site_name":"IHRCG \u00ae Official Site","article_publisher":"https:\/\/www.facebook.com\/profile.php?id=61561011090702","article_modified_time":"2025-04-15T17:08:37+00:00","twitter_card":"summary_large_image","twitter_misc":{"Est. reading time":"1 minute"},"schema":{"@context":"https:\/\/schema.org","@graph":[{"@type":"WebPage","@id":"https:\/\/ihrcg.org\/ihrcg-direcciones\/","url":"https:\/\/ihrcg.org\/ihrcg-direcciones\/","name":"Direcciones\/Oficinas - IHRCG \u00ae Official Site","isPartOf":{"@id":"https:\/\/ihrcg.org\/#website"},"datePublished":"2025-04-15T17:03:57+00:00","dateModified":"2025-04-15T17:08:37+00:00","breadcrumb":{"@id":"https:\/\/ihrcg.org\/ihrcg-direcciones\/#breadcrumb"},"inLanguage":"en-US","potentialAction":[{"@type":"ReadAction","target":["https:\/\/ihrcg.org\/ihrcg-direcciones\/"]}]},{"@type":"BreadcrumbList","@id":"https:\/\/ihrcg.org\/ihrcg-direcciones\/#breadcrumb","itemListElement":[{"@type":"ListItem","position":1,"name":"Portada","item":"https:\/\/ihrcg.org\/"},{"@type":"ListItem","position":2,"name":"Direcciones\/Oficinas"}]},{"@type":"WebSite","@id":"https:\/\/ihrcg.org\/#website","url":"https:\/\/ihrcg.org\/","name":"IHRCG Comisi\u00f3n Internacional de los Derechos Humanos Global","description":"IHRCG \u00ae Official Site","publisher":{"@id":"https:\/\/ihrcg.org\/#organization"},"potentialAction":[{"@type":"SearchAction","target":{"@type":"EntryPoint","urlTemplate":"https:\/\/ihrcg.org\/?s={search_term_string}"},"query-input":{"@type":"PropertyValueSpecification","valueRequired":true,"valueName":"search_term_string"}}],"inLanguage":"en-US"},{"@type":"Organization","@id":"https:\/\/ihrcg.org\/#organization","name":"Comisi\u00f3n Internacional de los Derechos Humanos Global","url":"https:\/\/ihrcg.org\/","logo":{"@type":"ImageObject","inLanguage":"en-US","@id":"https:\/\/ihrcg.org\/#\/schema\/logo\/image\/","url":"https:\/\/ihrcg.org\/wp-content\/uploads\/2024\/07\/ihrcg-dest.jpg","contentUrl":"https:\/\/ihrcg.org\/wp-content\/uploads\/2024\/07\/ihrcg-dest.jpg","width":1000,"height":666,"caption":"Comisi\u00f3n Internacional de los Derechos Humanos Global"},"image":{"@id":"https:\/\/ihrcg.org\/#\/schema\/logo\/image\/"},"sameAs":["https:\/\/www.facebook.com\/profile.php?id=61561011090702"]}]}},"_links":{"self":[{"href":"https:\/\/ihrcg.org\/en\/wp-json\/wp\/v2\/pages\/1485","targetHints":{"allow":["GET"]}}],"collection":[{"href":"https:\/\/ihrcg.org\/en\/wp-json\/wp\/v2\/pages"}],"about":[{"href":"https:\/\/ihrcg.org\/en\/wp-json\/wp\/v2\/types\/page"}],"author":[{"embeddable":true,"href":"https:\/\/ihrcg.org\/en\/wp-json\/wp\/v2\/users\/1"}],"replies":[{"embeddable":true,"href":"https:\/\/ihrcg.org\/en\/wp-json\/wp\/v2\/comments?post=1485"}],"version-history":[{"count":4,"href":"https:\/\/ihrcg.org\/en\/wp-json\/wp\/v2\/pages\/1485\/revisions"}],"predecessor-version":[{"id":1489,"href":"https:\/\/ihrcg.org\/en\/wp-json\/wp\/v2\/pages\/1485\/revisions\/1489"}],"wp:attachment":[{"href":"https:\/\/ihrcg.org\/en\/wp-json\/wp\/v2\/media?parent=1485"}],"curies":[{"name":"wp","href":"https:\/\/api.w.org\/{rel}","templated":true}]}}