{"id":1819,"date":"2026-02-26T16:21:06","date_gmt":"2026-02-26T16:21:06","guid":{"rendered":"https:\/\/ihrcg.org\/?page_id=1819"},"modified":"2026-02-26T16:55:10","modified_gmt":"2026-02-26T16:55:10","slug":"ihrcg-nombramiento-icbc","status":"publish","type":"page","link":"https:\/\/ihrcg.org\/en\/ihrcg-nombramiento-icbc\/","title":{"rendered":"IHRCG &#8211; ICBC-CUERPO"},"content":{"rendered":"<div data-elementor-type=\"wp-page\" data-elementor-id=\"1819\" class=\"elementor elementor-1819\">\n\t\t\t\t<div class=\"elementor-element elementor-element-1a725fc1 e-flex e-con-boxed e-con e-parent\" data-id=\"1a725fc1\" data-element_type=\"container\" data-settings=\"{&quot;background_background&quot;:&quot;classic&quot;}\">\n\t\t\t\t\t<div class=\"e-con-inner\">\n\t\t<div class=\"elementor-element elementor-element-194783f5 e-con-full e-flex e-con e-child\" data-id=\"194783f5\" data-element_type=\"container\">\n\t\t\t\t<div class=\"elementor-element elementor-element-2e60264 elementor-widget__width-initial elementor-widget elementor-widget-heading\" data-id=\"2e60264\" data-element_type=\"widget\" data-widget_type=\"heading.default\">\n\t\t\t\t<div class=\"elementor-widget-container\">\n\t\t\t\t\t<h3 class=\"elementor-heading-title elementor-size-default\">IHRCG - ICBC-CUERPO<\/h3>\t\t\t\t<\/div>\n\t\t\t\t<\/div>\n\t\t\t\t<\/div>\n\t\t\t\t\t<\/div>\n\t\t\t\t<\/div>\n\t\t<div class=\"elementor-element elementor-element-418df22 e-flex e-con-boxed e-con e-parent\" data-id=\"418df22\" data-element_type=\"container\">\n\t\t\t\t\t<div class=\"e-con-inner\">\n\t\t<div class=\"elementor-element elementor-element-5d72308 e-con-full e-flex e-con e-child\" data-id=\"5d72308\" data-element_type=\"container\" data-settings=\"{&quot;background_background&quot;:&quot;classic&quot;}\">\n\t\t\t\t<div class=\"elementor-element elementor-element-ea6063e elementor-widget__width-initial elementor-widget elementor-widget-heading\" data-id=\"ea6063e\" data-element_type=\"widget\" data-widget_type=\"heading.default\">\n\t\t\t\t<div class=\"elementor-widget-container\">\n\t\t\t\t\t<h3 class=\"elementor-heading-title elementor-size-default\">IHRCG - ICBC-CUERPO<\/h3>\t\t\t\t<\/div>\n\t\t\t\t<\/div>\n\t\t\t\t<\/div>\n\t\t\t\t\t<\/div>\n\t\t\t\t<\/div>\n\t\t<div class=\"elementor-element elementor-element-e081644 e-flex e-con-boxed e-con e-parent\" data-id=\"e081644\" data-element_type=\"container\" data-settings=\"{&quot;background_background&quot;:&quot;classic&quot;}\">\n\t\t\t\t\t<div class=\"e-con-inner\">\n\t\t<div class=\"elementor-element elementor-element-6b110ff e-con-full e-flex e-con e-child\" data-id=\"6b110ff\" data-element_type=\"container\">\n\t\t\t\t<div class=\"elementor-element elementor-element-01b84b6 elementor-widget elementor-widget-text-editor\" data-id=\"01b84b6\" data-element_type=\"widget\" data-widget_type=\"text-editor.default\">\n\t\t\t\t<div class=\"elementor-widget-container\">\n\t\t\t\t\t\t\t\t\t<p>NOMBRAMIENTO OFICIAL | ICBC-CUERPO\u00a0<br \/>Me siento honrado de anunciar mi nombramiento que recibo hoy como:<\/p><p>\u00a0Embajador Continental ICBC-Corps \u2013 Am\u00e9ricas<br \/>\ud83c\uddfa\ud83c\uddf3\ud83c\uddfa\ud83c\uddf3\ud83c\uddfa\ud83c\uddf3\ud83c\uddfa\ud83c\uddf3\ud83c\uddfa\ud83c\uddf3\ud83c\uddfa\ud83c\uddf3\ud83c\uddfa\ud83c\uddf3\ud83c\uddfa\ud83c\uddf3\ud83c\uddfa\ud83c\uddf3\ud83c\uddfa\ud83c\uddf3\ud83c\uddfa\ud83c\uddf3\ud83c\uddfa\ud83c\uddf3\ud83c\uddfa\ud83c\uddf3\ud83c\uddfa\ud83c\uddf3\ud83c\uddfa\ud83c\uddf3\ud83c\uddfa\ud83c\uddf3\ud83c\uddfa\ud83c\uddf3\ud83c\uddfa\ud83c\uddf3\ud83c\uddfa\ud83c\uddf3\ud83c\uddfa\ud83c\uddf3\ud83c\uddfa\ud83c\uddf3\ud83c\uddfa\ud83c\uddf3\ud83c\uddfa\ud83c\uddf3\ud83c\uddfa\ud83c\uddf3\ud83c\uddfa\ud83c\uddf3\ud83c\uddfa\ud83c\uddf3\ud83c\uddfa\ud83c\uddf3\ud83c\uddfa\ud83c\uddf3\ud83c\uddfa\ud83c\uddf3\ud83c\uddfa\ud83c\uddf3\ud83c\uddfa\ud83c\uddf3<\/p><p>Bajo el Comando Internacional del Cuerpo de la Cruz Azul y la Media Luna Azul (ICBC-Corps), el Sr. Ram\u00edrez apoyar\u00e1 y promover\u00e1 la coordinaci\u00f3n humanitaria, la cooperaci\u00f3n transfronteriza y la defensa de emergencias en todo el continente americano, inspirando esperanza y solidaridad.<\/p><p>Este nombramiento refleja mi compromiso continuo con el fortalecimiento de la acci\u00f3n humanitaria civil, la cooperaci\u00f3n regional y las respuestas centradas en las personas en tiempos de necesidad, con el fin de construir un futuro m\u00e1s brillante para todos.<\/p><p>\u00a0El Movimiento la Cruz Azul y la Media Luna Azul opera en estatus consultivo especial ante el Consejo Econ\u00f3mico y Social de las Naciones Unidas (ECOSOC) y trabaja para toda la humanidad, promoviendo la paz y la armon\u00eda.<\/p><p>Muchas gracias por tan sensible bienvenida a mi persona, Dr. Embajador Jose Angel Ram\u00edrez. Trabajaremos con respeto y responsabilidad para promover los valores y el servicio humanitarios en todo el continente americano, inspirando a otros a unirse a nuestra noble causa.<\/p><p>Para Toda la Humanidad<\/p><p>\u00a0OFFICIAL APPOINTMENT | ICBC-BODY\u00a0<br \/>I am honored to announce my appointment that I receive today as:<\/p><p>\u00a0ICBC-Corps Continental Ambassador \u2013 Americas\ud83c\uddfa\ud83c\uddf3\ud83c\uddfa\ud83c\uddf3\ud83c\uddfa\ud83c\uddf3\ud83c\uddfa\ud83c\uddf3\ud83c\uddfa\ud83c\uddf3\ud83c\uddfa\ud83c\uddf3\ud83c\uddfa\ud83c\uddf3\ud83c\uddfa\ud83c\uddf3\ud83c\uddfa\ud83c\uddf3\ud83c\uddfa\ud83c\uddf3\ud83c\uddfa\ud83c\uddf3\ud83c\uddfa\ud83c\uddf3<\/p><p>Under the International Command of the Blue Cross and Blue Crescent Corps (ICBC-Corps), Mr. Ram\u00edrez will support and promote humanitarian coordination, cross-border cooperation and emergency defense throughout the American continent, inspiring hope and solidarity.<\/p><p>This appointment reflects my continued commitment to strengthening civil humanitarian action, regional cooperation and people-centred responses in times of need, in order to build a brighter future for all.<\/p><p>The Blue Cross and Blue Crescent Movement operates in special consultative status with the United Nations Economic and Social Council (ECOSOC) and works for all humanity, promoting peace and harmony.<\/p><p>Thank you very much for such a sensitive welcome to me, Dr. Ambassador Jose Angel Ram\u00edrez. We will work with respect and responsibility to promote humanitarian values \u200b\u200band service throughout the Americas, inspiring others to join our noble cause.<\/p><p>For All Humanity<\/p><p>#ICBCCorps<br \/>#BlueCrossBlueCrescent<br \/>#HumanitarianLeadership<br \/>#ContinentalAmbassador<br \/>#Americas<br \/>#EmergencyAdvocacy<br \/>#HumanitarianCoordination<br \/>#ForAllHumanity<br \/>#UNECOSOC<br \/>Eurasia POL <br \/>IHRCG International Human Rights Commission Global <br \/>Revista Am\u00e9rica sin fronteras<\/p>\t\t\t\t\t\t\t\t<\/div>\n\t\t\t\t<\/div>\n\t\t\t\t<\/div>\n\t\t<div class=\"elementor-element elementor-element-2f7b212 e-con-full e-flex e-con e-child\" data-id=\"2f7b212\" data-element_type=\"container\">\n\t\t\t\t<div class=\"elementor-element elementor-element-17a463d elementor-widget elementor-widget-image\" data-id=\"17a463d\" data-element_type=\"widget\" data-widget_type=\"image.default\">\n\t\t\t\t<div class=\"elementor-widget-container\">\n\t\t\t\t\t\t\t\t\t\t\t\t\t\t\t<img fetchpriority=\"high\" decoding=\"async\" width=\"800\" height=\"607\" src=\"https:\/\/ihrcg.org\/wp-content\/uploads\/2026\/02\/WhatsApp-Image-2026-02-25-at-14.13.32-1024x777.jpeg\" class=\"attachment-large size-large wp-image-1820\" alt=\"\" srcset=\"https:\/\/ihrcg.org\/wp-content\/uploads\/2026\/02\/WhatsApp-Image-2026-02-25-at-14.13.32-1024x777.jpeg 1024w, https:\/\/ihrcg.org\/wp-content\/uploads\/2026\/02\/WhatsApp-Image-2026-02-25-at-14.13.32-300x228.jpeg 300w, https:\/\/ihrcg.org\/wp-content\/uploads\/2026\/02\/WhatsApp-Image-2026-02-25-at-14.13.32-768x583.jpeg 768w, https:\/\/ihrcg.org\/wp-content\/uploads\/2026\/02\/WhatsApp-Image-2026-02-25-at-14.13.32-16x12.jpeg 16w, https:\/\/ihrcg.org\/wp-content\/uploads\/2026\/02\/WhatsApp-Image-2026-02-25-at-14.13.32.jpeg 1080w\" sizes=\"(max-width: 800px) 100vw, 800px\" \/>\t\t\t\t\t\t\t\t\t\t\t\t\t\t\t<\/div>\n\t\t\t\t<\/div>\n\t\t\t\t<\/div>\n\t\t\t\t\t<\/div>\n\t\t\t\t<\/div>\n\t\t\t\t<\/div>","protected":false},"excerpt":{"rendered":"<p>IHRCG &#8211; ICBC-CUERPO IHRCG &#8211; ICBC-CUERPO NOMBRAMIENTO OFICIAL | ICBC-CUERPO\u00a0Me siento honrado de anunciar mi nombramiento que recibo hoy como: \u00a0Embajador Continental ICBC-Corps \u2013 Am\u00e9ricas\ud83c\uddfa\ud83c\uddf3\ud83c\uddfa\ud83c\uddf3\ud83c\uddfa\ud83c\uddf3\ud83c\uddfa\ud83c\uddf3\ud83c\uddfa\ud83c\uddf3\ud83c\uddfa\ud83c\uddf3\ud83c\uddfa\ud83c\uddf3\ud83c\uddfa\ud83c\uddf3\ud83c\uddfa\ud83c\uddf3\ud83c\uddfa\ud83c\uddf3\ud83c\uddfa\ud83c\uddf3\ud83c\uddfa\ud83c\uddf3\ud83c\uddfa\ud83c\uddf3\ud83c\uddfa\ud83c\uddf3\ud83c\uddfa\ud83c\uddf3\ud83c\uddfa\ud83c\uddf3\ud83c\uddfa\ud83c\uddf3\ud83c\uddfa\ud83c\uddf3\ud83c\uddfa\ud83c\uddf3\ud83c\uddfa\ud83c\uddf3\ud83c\uddfa\ud83c\uddf3\ud83c\uddfa\ud83c\uddf3\ud83c\uddfa\ud83c\uddf3\ud83c\uddfa\ud83c\uddf3\ud83c\uddfa\ud83c\uddf3\ud83c\uddfa\ud83c\uddf3\ud83c\uddfa\ud83c\uddf3\ud83c\uddfa\ud83c\uddf3\ud83c\uddfa\ud83c\uddf3\ud83c\uddfa\ud83c\uddf3\ud83c\uddfa\ud83c\uddf3 Bajo el Comando Internacional del Cuerpo de la Cruz Azul y la Media Luna Azul (ICBC-Corps), el Sr. Ram\u00edrez apoyar\u00e1 y promover\u00e1 la coordinaci\u00f3n humanitaria, la cooperaci\u00f3n transfronteriza y la [&hellip;]<\/p>","protected":false},"author":1,"featured_media":0,"parent":0,"menu_order":0,"comment_status":"closed","ping_status":"closed","template":"","meta":{"footnotes":""},"class_list":["post-1819","page","type-page","status-publish","hentry"],"yoast_head":"<!-- This site is optimized with the Yoast SEO plugin v24.4 - https:\/\/yoast.com\/wordpress\/plugins\/seo\/ -->\n<title>IHRCG - ICBC-CUERPO - IHRCG \u00ae Official Site<\/title>\n<meta name=\"robots\" content=\"index, follow, max-snippet:-1, max-image-preview:large, max-video-preview:-1\" \/>\n<link rel=\"canonical\" href=\"https:\/\/ihrcg.org\/en\/ihrcg-nombramiento-icbc\/\" \/>\n<meta property=\"og:locale\" content=\"en_US\" \/>\n<meta property=\"og:type\" content=\"article\" \/>\n<meta property=\"og:title\" content=\"IHRCG - ICBC-CUERPO - IHRCG \u00ae Official Site\" \/>\n<meta property=\"og:description\" content=\"IHRCG &#8211; ICBC-CUERPO IHRCG &#8211; ICBC-CUERPO NOMBRAMIENTO OFICIAL | ICBC-CUERPO\u00a0Me siento honrado de anunciar mi nombramiento que recibo hoy como: \u00a0Embajador Continental ICBC-Corps \u2013 Am\u00e9ricas\ud83c\uddfa\ud83c\uddf3\ud83c\uddfa\ud83c\uddf3\ud83c\uddfa\ud83c\uddf3\ud83c\uddfa\ud83c\uddf3\ud83c\uddfa\ud83c\uddf3\ud83c\uddfa\ud83c\uddf3\ud83c\uddfa\ud83c\uddf3\ud83c\uddfa\ud83c\uddf3\ud83c\uddfa\ud83c\uddf3\ud83c\uddfa\ud83c\uddf3\ud83c\uddfa\ud83c\uddf3\ud83c\uddfa\ud83c\uddf3\ud83c\uddfa\ud83c\uddf3\ud83c\uddfa\ud83c\uddf3\ud83c\uddfa\ud83c\uddf3\ud83c\uddfa\ud83c\uddf3\ud83c\uddfa\ud83c\uddf3\ud83c\uddfa\ud83c\uddf3\ud83c\uddfa\ud83c\uddf3\ud83c\uddfa\ud83c\uddf3\ud83c\uddfa\ud83c\uddf3\ud83c\uddfa\ud83c\uddf3\ud83c\uddfa\ud83c\uddf3\ud83c\uddfa\ud83c\uddf3\ud83c\uddfa\ud83c\uddf3\ud83c\uddfa\ud83c\uddf3\ud83c\uddfa\ud83c\uddf3\ud83c\uddfa\ud83c\uddf3\ud83c\uddfa\ud83c\uddf3\ud83c\uddfa\ud83c\uddf3\ud83c\uddfa\ud83c\uddf3 Bajo el Comando Internacional del Cuerpo de la Cruz Azul y la Media Luna Azul (ICBC-Corps), el Sr. Ram\u00edrez apoyar\u00e1 y promover\u00e1 la coordinaci\u00f3n humanitaria, la cooperaci\u00f3n transfronteriza y la [&hellip;]\" \/>\n<meta property=\"og:url\" content=\"https:\/\/ihrcg.org\/en\/ihrcg-nombramiento-icbc\/\" \/>\n<meta property=\"og:site_name\" content=\"IHRCG \u00ae Official Site\" \/>\n<meta property=\"article:publisher\" content=\"https:\/\/www.facebook.com\/profile.php?id=61561011090702\" \/>\n<meta property=\"article:modified_time\" content=\"2026-02-26T16:55:10+00:00\" \/>\n<meta property=\"og:image\" content=\"https:\/\/ihrcg.org\/wp-content\/uploads\/2026\/02\/WhatsApp-Image-2026-02-25-at-14.13.32.jpeg\" \/>\n\t<meta property=\"og:image:width\" content=\"1080\" \/>\n\t<meta property=\"og:image:height\" content=\"820\" \/>\n\t<meta property=\"og:image:type\" content=\"image\/jpeg\" \/>\n<meta name=\"twitter:card\" content=\"summary_large_image\" \/>\n<meta name=\"twitter:label1\" content=\"Est. reading time\" \/>\n\t<meta name=\"twitter:data1\" content=\"11 minutes\" \/>\n<script type=\"application\/ld+json\" class=\"yoast-schema-graph\">{\"@context\":\"https:\/\/schema.org\",\"@graph\":[{\"@type\":\"WebPage\",\"@id\":\"https:\/\/ihrcg.org\/ihrcg-nombramiento-icbc\/\",\"url\":\"https:\/\/ihrcg.org\/ihrcg-nombramiento-icbc\/\",\"name\":\"IHRCG - ICBC-CUERPO - IHRCG \u00ae Official Site\",\"isPartOf\":{\"@id\":\"https:\/\/ihrcg.org\/#website\"},\"primaryImageOfPage\":{\"@id\":\"https:\/\/ihrcg.org\/ihrcg-nombramiento-icbc\/#primaryimage\"},\"image\":{\"@id\":\"https:\/\/ihrcg.org\/ihrcg-nombramiento-icbc\/#primaryimage\"},\"thumbnailUrl\":\"https:\/\/ihrcg.org\/wp-content\/uploads\/2026\/02\/WhatsApp-Image-2026-02-25-at-14.13.32-1024x777.jpeg\",\"datePublished\":\"2026-02-26T16:21:06+00:00\",\"dateModified\":\"2026-02-26T16:55:10+00:00\",\"breadcrumb\":{\"@id\":\"https:\/\/ihrcg.org\/ihrcg-nombramiento-icbc\/#breadcrumb\"},\"inLanguage\":\"en-US\",\"potentialAction\":[{\"@type\":\"ReadAction\",\"target\":[\"https:\/\/ihrcg.org\/ihrcg-nombramiento-icbc\/\"]}]},{\"@type\":\"ImageObject\",\"inLanguage\":\"en-US\",\"@id\":\"https:\/\/ihrcg.org\/ihrcg-nombramiento-icbc\/#primaryimage\",\"url\":\"https:\/\/ihrcg.org\/wp-content\/uploads\/2026\/02\/WhatsApp-Image-2026-02-25-at-14.13.32-1024x777.jpeg\",\"contentUrl\":\"https:\/\/ihrcg.org\/wp-content\/uploads\/2026\/02\/WhatsApp-Image-2026-02-25-at-14.13.32-1024x777.jpeg\"},{\"@type\":\"BreadcrumbList\",\"@id\":\"https:\/\/ihrcg.org\/ihrcg-nombramiento-icbc\/#breadcrumb\",\"itemListElement\":[{\"@type\":\"ListItem\",\"position\":1,\"name\":\"Portada\",\"item\":\"https:\/\/ihrcg.org\/\"},{\"@type\":\"ListItem\",\"position\":2,\"name\":\"IHRCG &#8211; ICBC-CUERPO\"}]},{\"@type\":\"WebSite\",\"@id\":\"https:\/\/ihrcg.org\/#website\",\"url\":\"https:\/\/ihrcg.org\/\",\"name\":\"IHRCG Comisi\u00f3n Internacional de los Derechos Humanos Global\",\"description\":\"IHRCG \u00ae Official Site\",\"publisher\":{\"@id\":\"https:\/\/ihrcg.org\/#organization\"},\"potentialAction\":[{\"@type\":\"SearchAction\",\"target\":{\"@type\":\"EntryPoint\",\"urlTemplate\":\"https:\/\/ihrcg.org\/?s={search_term_string}\"},\"query-input\":{\"@type\":\"PropertyValueSpecification\",\"valueRequired\":true,\"valueName\":\"search_term_string\"}}],\"inLanguage\":\"en-US\"},{\"@type\":\"Organization\",\"@id\":\"https:\/\/ihrcg.org\/#organization\",\"name\":\"Comisi\u00f3n Internacional de los Derechos Humanos Global\",\"url\":\"https:\/\/ihrcg.org\/\",\"logo\":{\"@type\":\"ImageObject\",\"inLanguage\":\"en-US\",\"@id\":\"https:\/\/ihrcg.org\/#\/schema\/logo\/image\/\",\"url\":\"https:\/\/ihrcg.org\/wp-content\/uploads\/2024\/07\/ihrcg-dest.jpg\",\"contentUrl\":\"https:\/\/ihrcg.org\/wp-content\/uploads\/2024\/07\/ihrcg-dest.jpg\",\"width\":1000,\"height\":666,\"caption\":\"Comisi\u00f3n Internacional de los Derechos Humanos Global\"},\"image\":{\"@id\":\"https:\/\/ihrcg.org\/#\/schema\/logo\/image\/\"},\"sameAs\":[\"https:\/\/www.facebook.com\/profile.php?id=61561011090702\"]}]}<\/script>\n<!-- \/ Yoast SEO plugin. -->","yoast_head_json":{"title":"IHRCG - ICBC-CUERPO - IHRCG \u00ae Official Site","robots":{"index":"index","follow":"follow","max-snippet":"max-snippet:-1","max-image-preview":"max-image-preview:large","max-video-preview":"max-video-preview:-1"},"canonical":"https:\/\/ihrcg.org\/en\/ihrcg-nombramiento-icbc\/","og_locale":"en_US","og_type":"article","og_title":"IHRCG - ICBC-CUERPO - IHRCG \u00ae Official Site","og_description":"IHRCG &#8211; ICBC-CUERPO IHRCG &#8211; ICBC-CUERPO NOMBRAMIENTO OFICIAL | ICBC-CUERPO\u00a0Me siento honrado de anunciar mi nombramiento que recibo hoy como: \u00a0Embajador Continental ICBC-Corps \u2013 Am\u00e9ricas\ud83c\uddfa\ud83c\uddf3\ud83c\uddfa\ud83c\uddf3\ud83c\uddfa\ud83c\uddf3\ud83c\uddfa\ud83c\uddf3\ud83c\uddfa\ud83c\uddf3\ud83c\uddfa\ud83c\uddf3\ud83c\uddfa\ud83c\uddf3\ud83c\uddfa\ud83c\uddf3\ud83c\uddfa\ud83c\uddf3\ud83c\uddfa\ud83c\uddf3\ud83c\uddfa\ud83c\uddf3\ud83c\uddfa\ud83c\uddf3\ud83c\uddfa\ud83c\uddf3\ud83c\uddfa\ud83c\uddf3\ud83c\uddfa\ud83c\uddf3\ud83c\uddfa\ud83c\uddf3\ud83c\uddfa\ud83c\uddf3\ud83c\uddfa\ud83c\uddf3\ud83c\uddfa\ud83c\uddf3\ud83c\uddfa\ud83c\uddf3\ud83c\uddfa\ud83c\uddf3\ud83c\uddfa\ud83c\uddf3\ud83c\uddfa\ud83c\uddf3\ud83c\uddfa\ud83c\uddf3\ud83c\uddfa\ud83c\uddf3\ud83c\uddfa\ud83c\uddf3\ud83c\uddfa\ud83c\uddf3\ud83c\uddfa\ud83c\uddf3\ud83c\uddfa\ud83c\uddf3\ud83c\uddfa\ud83c\uddf3\ud83c\uddfa\ud83c\uddf3 Bajo el Comando Internacional del Cuerpo de la Cruz Azul y la Media Luna Azul (ICBC-Corps), el Sr. Ram\u00edrez apoyar\u00e1 y promover\u00e1 la coordinaci\u00f3n humanitaria, la cooperaci\u00f3n transfronteriza y la [&hellip;]","og_url":"https:\/\/ihrcg.org\/en\/ihrcg-nombramiento-icbc\/","og_site_name":"IHRCG \u00ae Official Site","article_publisher":"https:\/\/www.facebook.com\/profile.php?id=61561011090702","article_modified_time":"2026-02-26T16:55:10+00:00","og_image":[{"width":1080,"height":820,"url":"https:\/\/ihrcg.org\/wp-content\/uploads\/2026\/02\/WhatsApp-Image-2026-02-25-at-14.13.32.jpeg","type":"image\/jpeg"}],"twitter_card":"summary_large_image","twitter_misc":{"Est. reading time":"11 minutes"},"schema":{"@context":"https:\/\/schema.org","@graph":[{"@type":"WebPage","@id":"https:\/\/ihrcg.org\/ihrcg-nombramiento-icbc\/","url":"https:\/\/ihrcg.org\/ihrcg-nombramiento-icbc\/","name":"IHRCG - ICBC-CUERPO - IHRCG \u00ae Official Site","isPartOf":{"@id":"https:\/\/ihrcg.org\/#website"},"primaryImageOfPage":{"@id":"https:\/\/ihrcg.org\/ihrcg-nombramiento-icbc\/#primaryimage"},"image":{"@id":"https:\/\/ihrcg.org\/ihrcg-nombramiento-icbc\/#primaryimage"},"thumbnailUrl":"https:\/\/ihrcg.org\/wp-content\/uploads\/2026\/02\/WhatsApp-Image-2026-02-25-at-14.13.32-1024x777.jpeg","datePublished":"2026-02-26T16:21:06+00:00","dateModified":"2026-02-26T16:55:10+00:00","breadcrumb":{"@id":"https:\/\/ihrcg.org\/ihrcg-nombramiento-icbc\/#breadcrumb"},"inLanguage":"en-US","potentialAction":[{"@type":"ReadAction","target":["https:\/\/ihrcg.org\/ihrcg-nombramiento-icbc\/"]}]},{"@type":"ImageObject","inLanguage":"en-US","@id":"https:\/\/ihrcg.org\/ihrcg-nombramiento-icbc\/#primaryimage","url":"https:\/\/ihrcg.org\/wp-content\/uploads\/2026\/02\/WhatsApp-Image-2026-02-25-at-14.13.32-1024x777.jpeg","contentUrl":"https:\/\/ihrcg.org\/wp-content\/uploads\/2026\/02\/WhatsApp-Image-2026-02-25-at-14.13.32-1024x777.jpeg"},{"@type":"BreadcrumbList","@id":"https:\/\/ihrcg.org\/ihrcg-nombramiento-icbc\/#breadcrumb","itemListElement":[{"@type":"ListItem","position":1,"name":"Portada","item":"https:\/\/ihrcg.org\/"},{"@type":"ListItem","position":2,"name":"IHRCG &#8211; ICBC-CUERPO"}]},{"@type":"WebSite","@id":"https:\/\/ihrcg.org\/#website","url":"https:\/\/ihrcg.org\/","name":"IHRCG Comisi\u00f3n Internacional de los Derechos Humanos Global","description":"IHRCG \u00ae Official Site","publisher":{"@id":"https:\/\/ihrcg.org\/#organization"},"potentialAction":[{"@type":"SearchAction","target":{"@type":"EntryPoint","urlTemplate":"https:\/\/ihrcg.org\/?s={search_term_string}"},"query-input":{"@type":"PropertyValueSpecification","valueRequired":true,"valueName":"search_term_string"}}],"inLanguage":"en-US"},{"@type":"Organization","@id":"https:\/\/ihrcg.org\/#organization","name":"Comisi\u00f3n Internacional de los Derechos Humanos Global","url":"https:\/\/ihrcg.org\/","logo":{"@type":"ImageObject","inLanguage":"en-US","@id":"https:\/\/ihrcg.org\/#\/schema\/logo\/image\/","url":"https:\/\/ihrcg.org\/wp-content\/uploads\/2024\/07\/ihrcg-dest.jpg","contentUrl":"https:\/\/ihrcg.org\/wp-content\/uploads\/2024\/07\/ihrcg-dest.jpg","width":1000,"height":666,"caption":"Comisi\u00f3n Internacional de los Derechos Humanos Global"},"image":{"@id":"https:\/\/ihrcg.org\/#\/schema\/logo\/image\/"},"sameAs":["https:\/\/www.facebook.com\/profile.php?id=61561011090702"]}]}},"_links":{"self":[{"href":"https:\/\/ihrcg.org\/en\/wp-json\/wp\/v2\/pages\/1819","targetHints":{"allow":["GET"]}}],"collection":[{"href":"https:\/\/ihrcg.org\/en\/wp-json\/wp\/v2\/pages"}],"about":[{"href":"https:\/\/ihrcg.org\/en\/wp-json\/wp\/v2\/types\/page"}],"author":[{"embeddable":true,"href":"https:\/\/ihrcg.org\/en\/wp-json\/wp\/v2\/users\/1"}],"replies":[{"embeddable":true,"href":"https:\/\/ihrcg.org\/en\/wp-json\/wp\/v2\/comments?post=1819"}],"version-history":[{"count":10,"href":"https:\/\/ihrcg.org\/en\/wp-json\/wp\/v2\/pages\/1819\/revisions"}],"predecessor-version":[{"id":1833,"href":"https:\/\/ihrcg.org\/en\/wp-json\/wp\/v2\/pages\/1819\/revisions\/1833"}],"wp:attachment":[{"href":"https:\/\/ihrcg.org\/en\/wp-json\/wp\/v2\/media?parent=1819"}],"curies":[{"name":"wp","href":"https:\/\/api.w.org\/{rel}","templated":true}]}}